{"id":33296,"date":"2025-01-28T16:31:45","date_gmt":"2025-01-28T14:31:45","guid":{"rendered":"https:\/\/fifaa.ee\/?post_type=product&#038;p=33296"},"modified":"2026-04-01T18:04:44","modified_gmt":"2026-04-01T15:04:44","slug":"impact-aware-lima-156-tolline-rfid-sulearvuti-seljakott","status":"publish","type":"product","link":"https:\/\/fifaa.ee\/en\/product\/impact-aware-lima-156-tolline-rfid-sulearvuti-seljakott\/","title":{"rendered":"Impact AWARE\u2122 Lima 15.6\u2032 RFID laptop backpack"},"content":{"rendered":"<p>Lima is a simple, practical and durable everyday backpack with 2 side pockets for water bottles or an umbrella. Convenient USB A output on the strap. Padded 15.6&quot; laptop compartment, as well as several spacious compartments and RFID-protected sleeve pockets. AWARE\u2122 label, which confirms the genuine use of recycled materials. Each backpack contains 32.8 recycled bottles. 2% of the proceeds from every Impact product sold is donated to Water.org. Composition 100% recycled polyester. Registered design\u00ae<\/p>","protected":false},"excerpt":{"rendered":"<p>Lima on lihtne, praktiline ja vastupidav igap\u00e4evane seljakott, millel on 2 k\u00fcljetaskut veepudelite v\u00f5i vihmavarju jaoks. Mugav USB A v\u00e4ljund rihmale. Polsterdatud 15,6-tolline sahtel s\u00fclearvuti jaoks, samuti mitmed mahukad lahtrid ja RFID-kaitsega varrukataskud. AWARE\u2122 m\u00e4rgistusega, mis kinnitab taaskasutatud materjalide ehtsat kasutamist. Igas seljakotis on taaskasutatud 32,8 pudelit. 2% iga m\u00fc\u00fcdud Impacti toote tulust annetatakse veebisaidile [&hellip;]<\/p>\n","protected":false},"featured_media":33330,"template":"","meta":{"_acf_changed":false},"product_brand":[],"product_cat":[232,626],"product_tag":[659],"class_list":{"0":"post-33296","1":"product","2":"type-product","3":"status-publish","4":"has-post-thumbnail","6":"product_cat-kotid","7":"product_cat-sulearvutikott","8":"product_tag-more-colors","9":"pa_varv-must","10":"pa_varv-roheline","11":"pa_varv-sinine","13":"first","14":"instock","15":"taxable","16":"shipping-taxable","17":"purchasable","18":"product-type-variable","19":"has-default-attributes"},"acf":[],"_links":{"self":[{"href":"https:\/\/fifaa.ee\/en\/wp-json\/wp\/v2\/product\/33296","targetHints":{"allow":["GET"]}}],"collection":[{"href":"https:\/\/fifaa.ee\/en\/wp-json\/wp\/v2\/product"}],"about":[{"href":"https:\/\/fifaa.ee\/en\/wp-json\/wp\/v2\/types\/product"}],"wp:featuredmedia":[{"embeddable":true,"href":"https:\/\/fifaa.ee\/en\/wp-json\/wp\/v2\/media\/33330"}],"wp:attachment":[{"href":"https:\/\/fifaa.ee\/en\/wp-json\/wp\/v2\/media?parent=33296"}],"wp:term":[{"taxonomy":"product_brand","embeddable":true,"href":"https:\/\/fifaa.ee\/en\/wp-json\/wp\/v2\/product_brand?post=33296"},{"taxonomy":"product_cat","embeddable":true,"href":"https:\/\/fifaa.ee\/en\/wp-json\/wp\/v2\/product_cat?post=33296"},{"taxonomy":"product_tag","embeddable":true,"href":"https:\/\/fifaa.ee\/en\/wp-json\/wp\/v2\/product_tag?post=33296"}],"curies":[{"name":"wp","href":"https:\/\/api.w.org\/{rel}","templated":true}]}}