{"id":33332,"date":"2025-01-28T16:32:03","date_gmt":"2025-01-28T14:32:03","guid":{"rendered":"https:\/\/fifaa.ee\/?post_type=product&#038;p=33332"},"modified":"2026-04-01T18:04:44","modified_gmt":"2026-04-01T15:04:44","slug":"swiss-peak-aware-rfid-ja-usb-sulearvuti-seljakott","status":"publish","type":"product","link":"https:\/\/fifaa.ee\/en\/product\/swiss-peak-aware-rfid-ja-usb-sulearvuti-seljakott\/","title":{"rendered":"Swiss Peak AWARE\u2122 RFID and USB A laptop backpack"},"content":{"rendered":"<p>This stylish laptop backpack is designed for business and leisure travel. It features a padded 15.6&quot; laptop compartment to protect your device. Includes a trolley strap and USB A output. Side quick access pocket with RFID protection. Reflective strip on front. PVC free. AWARE\u2122 label, which confirms the genuine use of recycled materials. Each bag contains 22 recycled PET bottles. 2% of the proceeds from every Aware\u2122 product sold is donated to Water.org.<\/p>","protected":false},"excerpt":{"rendered":"<p>See stiilne kaasaskantav s\u00fclearvuti seljakott on m\u00f5eldud \u00e4ri- ja puhkusereisideks. Sellel on teie seadme kaitsmiseks polsterdatud 15,6-tolline s\u00fclearvuti sahtel. Kaasas k\u00e4ru rihm ja USB A v\u00e4ljund. K\u00fclgmine kiire juurdep\u00e4\u00e4sutasku RFID-kaitsega. Ees helkurribaga. PVC vaba. AWARE\u2122 m\u00e4rgistusega, mis kinnitab taaskasutatud materjalide ehtsat kasutamist. Igas kotis on taaskasutatud 22 PET-pudelit. 2% iga m\u00fc\u00fcdud Aware\u2122-i toote tulust annetatakse [&hellip;]<\/p>\n","protected":false},"featured_media":33341,"template":"","meta":{"_acf_changed":false},"product_brand":[],"product_cat":[232,626],"product_tag":[],"class_list":{"0":"post-33332","1":"product","2":"type-product","3":"status-publish","4":"has-post-thumbnail","6":"product_cat-kotid","7":"product_cat-sulearvutikott","8":"pa_varv-must","10":"first","11":"instock","12":"taxable","13":"shipping-taxable","14":"purchasable","15":"product-type-variable","16":"has-default-attributes"},"acf":[],"_links":{"self":[{"href":"https:\/\/fifaa.ee\/en\/wp-json\/wp\/v2\/product\/33332","targetHints":{"allow":["GET"]}}],"collection":[{"href":"https:\/\/fifaa.ee\/en\/wp-json\/wp\/v2\/product"}],"about":[{"href":"https:\/\/fifaa.ee\/en\/wp-json\/wp\/v2\/types\/product"}],"wp:featuredmedia":[{"embeddable":true,"href":"https:\/\/fifaa.ee\/en\/wp-json\/wp\/v2\/media\/33341"}],"wp:attachment":[{"href":"https:\/\/fifaa.ee\/en\/wp-json\/wp\/v2\/media?parent=33332"}],"wp:term":[{"taxonomy":"product_brand","embeddable":true,"href":"https:\/\/fifaa.ee\/en\/wp-json\/wp\/v2\/product_brand?post=33332"},{"taxonomy":"product_cat","embeddable":true,"href":"https:\/\/fifaa.ee\/en\/wp-json\/wp\/v2\/product_cat?post=33332"},{"taxonomy":"product_tag","embeddable":true,"href":"https:\/\/fifaa.ee\/en\/wp-json\/wp\/v2\/product_tag?post=33332"}],"curies":[{"name":"wp","href":"https:\/\/api.w.org\/{rel}","templated":true}]}}