{"id":33334,"date":"2025-01-28T16:32:03","date_gmt":"2025-01-28T14:32:03","guid":{"rendered":"https:\/\/fifaa.ee\/?post_type=product&#038;p=33334"},"modified":"2026-04-01T18:05:25","modified_gmt":"2026-04-01T15:05:25","slug":"dillon-aware-rpet-kokkupandav-spordikott","status":"publish","type":"product","link":"https:\/\/fifaa.ee\/en\/product\/dillon-aware-rpet-kokkupandav-spordikott\/","title":{"rendered":"Dillon AWARE\u2122 RPET foldable sports bag"},"content":{"rendered":"<p>Get ready for a worry-free and enjoyable travel experience with this must-have gym bag. With a smart packable design, this gym bag easily fits into a built-in bag, making it the perfect space-saving solution for your travels. It\u2019s featherlight and weighs just a few ounces, so you can pack everything you need without adding extra weight to your load. Made from 100% recycled polyester with the AWARE\u2122 label. 2% of the proceeds from every Aware\u2122 product sold is donated to Water.org. PVC Free<\/p>","protected":false},"excerpt":{"rendered":"<p>Olge selle kohustusliku spordikotiga valmis muretuks ja nauditavaks reisikogemuseks. T\u00e4nu nutikale pakendatavale disainile mahub see spordikott h\u00f5lpsasti sisseehitatud kotti, muutes selle ideaalseks ruumis\u00e4\u00e4stlikuks lahenduseks teie reisimiseks. See on sulgkerge ja kaalub vaid paar untsi, nii et saate pakkida k\u00f5ike, mida vajate, ilma koormale lisaraskusi lisamata. Valmistatud 100% taaskasutatud pol\u00fcestrist, millele on lisatud AWARE\u2122 m\u00e4rgistus. 2% [&hellip;]<\/p>\n","protected":false},"featured_media":33357,"template":"","meta":{"_acf_changed":false},"product_brand":[],"product_cat":[232,645],"product_tag":[659],"class_list":{"0":"post-33334","1":"product","2":"type-product","3":"status-publish","4":"has-post-thumbnail","6":"product_cat-kotid","7":"product_cat-spordikott","8":"product_tag-more-colors","9":"pa_varv-hall","10":"pa_varv-must","11":"pa_varv-punane","12":"pa_varv-roheline","13":"pa_varv-sinine","14":"pa_varv-valge-new","16":"first","17":"instock","18":"taxable","19":"shipping-taxable","20":"purchasable","21":"product-type-variable","22":"has-default-attributes"},"acf":[],"_links":{"self":[{"href":"https:\/\/fifaa.ee\/en\/wp-json\/wp\/v2\/product\/33334","targetHints":{"allow":["GET"]}}],"collection":[{"href":"https:\/\/fifaa.ee\/en\/wp-json\/wp\/v2\/product"}],"about":[{"href":"https:\/\/fifaa.ee\/en\/wp-json\/wp\/v2\/types\/product"}],"wp:featuredmedia":[{"embeddable":true,"href":"https:\/\/fifaa.ee\/en\/wp-json\/wp\/v2\/media\/33357"}],"wp:attachment":[{"href":"https:\/\/fifaa.ee\/en\/wp-json\/wp\/v2\/media?parent=33334"}],"wp:term":[{"taxonomy":"product_brand","embeddable":true,"href":"https:\/\/fifaa.ee\/en\/wp-json\/wp\/v2\/product_brand?post=33334"},{"taxonomy":"product_cat","embeddable":true,"href":"https:\/\/fifaa.ee\/en\/wp-json\/wp\/v2\/product_cat?post=33334"},{"taxonomy":"product_tag","embeddable":true,"href":"https:\/\/fifaa.ee\/en\/wp-json\/wp\/v2\/product_tag?post=33334"}],"curies":[{"name":"wp","href":"https:\/\/api.w.org\/{rel}","templated":true}]}}