{"id":33335,"date":"2025-01-28T16:32:03","date_gmt":"2025-01-28T14:32:03","guid":{"rendered":"https:\/\/fifaa.ee\/?post_type=product&#038;p=33335"},"modified":"2026-04-01T18:06:17","modified_gmt":"2026-04-01T15:06:17","slug":"dillon-aware-rpet-kokkupandav-klassikaline-seljakott","status":"publish","type":"product","link":"https:\/\/fifaa.ee\/en\/product\/dillon-aware-rpet-kokkupandav-klassikaline-seljakott\/","title":{"rendered":"Dillon AWARE\u2122 RPET foldable classic backpack"},"content":{"rendered":"<p>The Dillon Collapsible Classic Backpack is your ultimate travel companion. Lightweight and packable, this versatile bag is built for smooth adventures, made from durable 300D recycled polyester. The backpack features 1 main compartment and a zippered front pocket. It folds flat for easy portability when you need more space. Made from 100% recycled polyester with the AWARE\u2122 label. 2% of the proceeds from every Aware\u2122 product sold is donated to Water.org. PVC free.<\/p>","protected":false},"excerpt":{"rendered":"<p>Dilloni kokkupandav klassikaline seljakott on teie \u00fclim reisikaaslane. Kerge ja pakendatav, vastupidavast 300D taaskasutatud pol\u00fcestrist valmistatud mitmek\u00fclgne kott on loodud sujuvateks seiklusteks. Seljakotil on 1 p\u00f5hisahtel ja lukuga esitasku. Kokkupandav, nii et seda on lihtne kaasa v\u00f5tta, kui vajate rohkem mahtu. Valmistatud 100% taaskasutatud pol\u00fcestrist, millele on lisatud AWARE\u2122 m\u00e4rgistus. 2% iga m\u00fc\u00fcdud Aware\u2122-i toote [&hellip;]<\/p>\n","protected":false},"featured_media":33371,"template":"","meta":{"_acf_changed":false},"product_brand":[],"product_cat":[232,573],"product_tag":[659],"class_list":{"0":"post-33335","1":"product","2":"type-product","3":"status-publish","4":"has-post-thumbnail","6":"product_cat-kotid","7":"product_cat-seljakott","8":"product_tag-more-colors","9":"pa_varv-hall","10":"pa_varv-must","11":"pa_varv-punane","12":"pa_varv-roheline","13":"pa_varv-sinine","14":"pa_varv-valge-new","16":"first","17":"instock","18":"taxable","19":"shipping-taxable","20":"purchasable","21":"product-type-variable","22":"has-default-attributes"},"acf":[],"_links":{"self":[{"href":"https:\/\/fifaa.ee\/en\/wp-json\/wp\/v2\/product\/33335","targetHints":{"allow":["GET"]}}],"collection":[{"href":"https:\/\/fifaa.ee\/en\/wp-json\/wp\/v2\/product"}],"about":[{"href":"https:\/\/fifaa.ee\/en\/wp-json\/wp\/v2\/types\/product"}],"wp:featuredmedia":[{"embeddable":true,"href":"https:\/\/fifaa.ee\/en\/wp-json\/wp\/v2\/media\/33371"}],"wp:attachment":[{"href":"https:\/\/fifaa.ee\/en\/wp-json\/wp\/v2\/media?parent=33335"}],"wp:term":[{"taxonomy":"product_brand","embeddable":true,"href":"https:\/\/fifaa.ee\/en\/wp-json\/wp\/v2\/product_brand?post=33335"},{"taxonomy":"product_cat","embeddable":true,"href":"https:\/\/fifaa.ee\/en\/wp-json\/wp\/v2\/product_cat?post=33335"},{"taxonomy":"product_tag","embeddable":true,"href":"https:\/\/fifaa.ee\/en\/wp-json\/wp\/v2\/product_tag?post=33335"}],"curies":[{"name":"wp","href":"https:\/\/api.w.org\/{rel}","templated":true}]}}