{"id":33379,"date":"2025-01-28T16:32:24","date_gmt":"2025-01-28T14:32:24","guid":{"rendered":"https:\/\/fifaa.ee\/?post_type=product&#038;p=33379"},"modified":"2026-04-01T18:07:37","modified_gmt":"2026-04-01T15:07:37","slug":"sienna-aware-rpet-igapaevane-14-tolline-sulearvuti-seljakott","status":"publish","type":"product","link":"https:\/\/fifaa.ee\/en\/product\/sienna-aware-rpet-igapaevane-14-tolline-sulearvuti-seljakott\/","title":{"rendered":"Sienna AWARE\u2122 RPET everyday 14 inch laptop backpack"},"content":{"rendered":"<p>Discover the perfect combination of style and utility with the Sienna 14&quot; Laptop Backpack. Tailored for professionals and students alike, it features a dedicated laptop compartment, smart organization, and remarkable comfort. Made from 100% recycled polyester with the AWARE\u2122 label. 2% of the proceeds from every AWARE\u2122 product sold is donated to Water.org.<\/p>","protected":false},"excerpt":{"rendered":"<p>Avastage Sienna 14-tollise s\u00fclearvuti seljakotiga t\u00e4iuslik kombinatsioon stiilist ja kasulikkusest. See on kohandatud nii professionaalidele kui ka \u00f5pilastele, sellel on spetsiaalne s\u00fclearvuti sahtel, nutikas korraldus ja t\u00e4helepanuv\u00e4\u00e4rne mugavus. Valmistatud 100% taaskasutatud pol\u00fcestrist, millele on lisatud AWARE\u2122 m\u00e4rgistus. 2% iga AWARE\u2122-iga m\u00fc\u00fcdud toote tulust annetatakse veebisaidile Water.org.<\/p>","protected":false},"featured_media":33403,"template":"","meta":{"_acf_changed":false},"product_brand":[],"product_cat":[232,626],"product_tag":[659],"class_list":{"0":"post-33379","1":"product","2":"type-product","3":"status-publish","4":"has-post-thumbnail","6":"product_cat-kotid","7":"product_cat-sulearvutikott","8":"product_tag-more-colors","9":"pa_varv-beez","10":"pa_varv-must","11":"pa_varv-roheline","12":"pa_varv-sinine","14":"first","15":"instock","16":"taxable","17":"shipping-taxable","18":"purchasable","19":"product-type-variable","20":"has-default-attributes"},"acf":[],"_links":{"self":[{"href":"https:\/\/fifaa.ee\/en\/wp-json\/wp\/v2\/product\/33379","targetHints":{"allow":["GET"]}}],"collection":[{"href":"https:\/\/fifaa.ee\/en\/wp-json\/wp\/v2\/product"}],"about":[{"href":"https:\/\/fifaa.ee\/en\/wp-json\/wp\/v2\/types\/product"}],"wp:featuredmedia":[{"embeddable":true,"href":"https:\/\/fifaa.ee\/en\/wp-json\/wp\/v2\/media\/33403"}],"wp:attachment":[{"href":"https:\/\/fifaa.ee\/en\/wp-json\/wp\/v2\/media?parent=33379"}],"wp:term":[{"taxonomy":"product_brand","embeddable":true,"href":"https:\/\/fifaa.ee\/en\/wp-json\/wp\/v2\/product_brand?post=33379"},{"taxonomy":"product_cat","embeddable":true,"href":"https:\/\/fifaa.ee\/en\/wp-json\/wp\/v2\/product_cat?post=33379"},{"taxonomy":"product_tag","embeddable":true,"href":"https:\/\/fifaa.ee\/en\/wp-json\/wp\/v2\/product_tag?post=33379"}],"curies":[{"name":"wp","href":"https:\/\/api.w.org\/{rel}","templated":true}]}}