{"id":33380,"date":"2025-01-28T16:32:24","date_gmt":"2025-01-28T14:32:24","guid":{"rendered":"https:\/\/fifaa.ee\/?post_type=product&#038;p=33380"},"modified":"2026-04-01T18:08:04","modified_gmt":"2026-04-01T15:08:04","slug":"pascal-aware-rpet-luksuslik-nadalavahetuse-pakett","status":"publish","type":"product","link":"https:\/\/fifaa.ee\/en\/product\/pascal-aware-rpet-luksuslik-nadalavahetuse-pakett\/","title":{"rendered":"Pascal AWARE\u2122 RPET deluxe weekend pack"},"content":{"rendered":"<p>Pascal stands out for its elegant design and is even more spacious than you think. It has 2 large practical front pockets that help you easily store all your essentials. You can also create 1 large compartment by opening the inner zipper. 3 mesh pockets ensure that you have easy access to your essentials. A zipper on the side of the backpack provides easy access to the padded laptop compartment where you can store your 15.6&quot; laptop. Made from recycled polyester with the AWARE\u2122 label. 2% of the proceeds from every AWARE\u2122 product sold is donated to Water.org.<\/p>","protected":false},"excerpt":{"rendered":"<p>Pascal paistab silma oma elegantse disaini poolest ja on veelgi ruumikam, kui arvate. Sellel on 2 suurt praktilist esitaskut, mis aitavad teil k\u00f5iki vajalikke asju h\u00f5lpsasti hoida. Sisemise t\u00f5mbluku avamisega saate luua ka 1 suure sektsiooni. 3 v\u00f5rktaskut tagavad, et p\u00e4\u00e4sete h\u00f5lpsalt juurde oma h\u00e4davajalikele asjadele. Seljakoti k\u00fcljel olev t\u00f5mblukk tagab h\u00f5lpsa juurdep\u00e4\u00e4su polsterdatud s\u00fclearvuti [&hellip;]<\/p>\n","protected":false},"featured_media":33413,"template":"","meta":{"_acf_changed":false},"product_brand":[],"product_cat":[232,645],"product_tag":[659],"class_list":{"0":"post-33380","1":"product","2":"type-product","3":"status-publish","4":"has-post-thumbnail","6":"product_cat-kotid","7":"product_cat-spordikott","8":"product_tag-more-colors","9":"pa_varv-beez","10":"pa_varv-must","11":"pa_varv-sinine","13":"first","14":"instock","15":"taxable","16":"shipping-taxable","17":"purchasable","18":"product-type-variable","19":"has-default-attributes"},"acf":[],"_links":{"self":[{"href":"https:\/\/fifaa.ee\/en\/wp-json\/wp\/v2\/product\/33380","targetHints":{"allow":["GET"]}}],"collection":[{"href":"https:\/\/fifaa.ee\/en\/wp-json\/wp\/v2\/product"}],"about":[{"href":"https:\/\/fifaa.ee\/en\/wp-json\/wp\/v2\/types\/product"}],"wp:featuredmedia":[{"embeddable":true,"href":"https:\/\/fifaa.ee\/en\/wp-json\/wp\/v2\/media\/33413"}],"wp:attachment":[{"href":"https:\/\/fifaa.ee\/en\/wp-json\/wp\/v2\/media?parent=33380"}],"wp:term":[{"taxonomy":"product_brand","embeddable":true,"href":"https:\/\/fifaa.ee\/en\/wp-json\/wp\/v2\/product_brand?post=33380"},{"taxonomy":"product_cat","embeddable":true,"href":"https:\/\/fifaa.ee\/en\/wp-json\/wp\/v2\/product_cat?post=33380"},{"taxonomy":"product_tag","embeddable":true,"href":"https:\/\/fifaa.ee\/en\/wp-json\/wp\/v2\/product_tag?post=33380"}],"curies":[{"name":"wp","href":"https:\/\/api.w.org\/{rel}","templated":true}]}}