{"id":33381,"date":"2025-01-28T16:32:24","date_gmt":"2025-01-28T14:32:24","guid":{"rendered":"https:\/\/fifaa.ee\/?post_type=product&#038;p=33381"},"modified":"2026-04-01T18:08:32","modified_gmt":"2026-04-01T15:08:32","slug":"kazu-aware-rpet-pohiline-156-tolline-sulearvuti-seljakott","status":"publish","type":"product","link":"https:\/\/fifaa.ee\/en\/product\/kazu-aware-rpet-pohiline-156-tolline-sulearvuti-seljakott\/","title":{"rendered":"Kazu AWARE\u2122 RPET basic 15.6 inch laptop backpack"},"content":{"rendered":"<p>This Kazu backpack is designed to meet your everyday needs. A spacious main compartment with a dedicated 15.6&quot; laptop sleeve ensures your essentials are safe. Passport-sized pockets and pen loops help keep you organized on the go, while a front pocket adds convenience to your travels. Made from 100% recycled polyester with the AWARE\u2122 label. 2% of the proceeds from every AWARE\u2122 product sold is donated to Water.org.<\/p>","protected":false},"excerpt":{"rendered":"<p>See Kazu seljakott on loodud teie igap\u00e4evaste vajaduste rahuldamiseks. Ruumikas p\u00f5hisahtel koos spetsiaalse 15,6-tollise s\u00fclearvutitaskuga tagab, et teie olulised asjad on turvalised. Passisuurused taskud ja pliiatsi aasad aitavad teid liikvel olles korras hoida, esitasku aga lisab reisile mugavust. Valmistatud 100% taaskasutatud pol\u00fcestrist, millele on lisatud AWARE\u2122 m\u00e4rgistus. 2% iga AWARE\u2122-iga m\u00fc\u00fcdud toote tulust annetatakse veebisaidile [&hellip;]<\/p>\n","protected":false},"featured_media":33419,"template":"","meta":{"_acf_changed":false},"product_brand":[],"product_cat":[232,626],"product_tag":[659],"class_list":{"0":"post-33381","1":"product","2":"type-product","3":"status-publish","4":"has-post-thumbnail","6":"product_cat-kotid","7":"product_cat-sulearvutikott","8":"product_tag-more-colors","9":"pa_varv-hall","10":"pa_varv-must","11":"pa_varv-roheline","12":"pa_varv-sinine","13":"pa_varv-valge-new","15":"first","16":"instock","17":"taxable","18":"shipping-taxable","19":"purchasable","20":"product-type-variable","21":"has-default-attributes"},"acf":[],"_links":{"self":[{"href":"https:\/\/fifaa.ee\/en\/wp-json\/wp\/v2\/product\/33381","targetHints":{"allow":["GET"]}}],"collection":[{"href":"https:\/\/fifaa.ee\/en\/wp-json\/wp\/v2\/product"}],"about":[{"href":"https:\/\/fifaa.ee\/en\/wp-json\/wp\/v2\/types\/product"}],"wp:featuredmedia":[{"embeddable":true,"href":"https:\/\/fifaa.ee\/en\/wp-json\/wp\/v2\/media\/33419"}],"wp:attachment":[{"href":"https:\/\/fifaa.ee\/en\/wp-json\/wp\/v2\/media?parent=33381"}],"wp:term":[{"taxonomy":"product_brand","embeddable":true,"href":"https:\/\/fifaa.ee\/en\/wp-json\/wp\/v2\/product_brand?post=33381"},{"taxonomy":"product_cat","embeddable":true,"href":"https:\/\/fifaa.ee\/en\/wp-json\/wp\/v2\/product_cat?post=33381"},{"taxonomy":"product_tag","embeddable":true,"href":"https:\/\/fifaa.ee\/en\/wp-json\/wp\/v2\/product_tag?post=33381"}],"curies":[{"name":"wp","href":"https:\/\/api.w.org\/{rel}","templated":true}]}}