{"id":33382,"date":"2025-01-28T16:32:24","date_gmt":"2025-01-28T14:32:24","guid":{"rendered":"https:\/\/fifaa.ee\/?post_type=product&#038;p=33382"},"modified":"2026-04-01T18:08:52","modified_gmt":"2026-04-01T15:08:52","slug":"armond-aware-rpet-156-tolline-luksuslik-sulearvuti-seljakott","status":"publish","type":"product","link":"https:\/\/fifaa.ee\/en\/product\/armond-aware-rpet-156-tolline-luksuslik-sulearvuti-seljakott\/","title":{"rendered":"Armond AWARE\u2122 RPET 15.6 inch deluxe laptop backpack"},"content":{"rendered":"<p>The clean design makes the backpack highly versatile and ideal for both work and leisure. It&#039;s smart enough for the boardroom, but still offers all the comfort of a backpack. Protect your 15.6&quot; laptop with a separate padded back. With this convenient and easy-to-access top pocket, you can grab your essentials like your passport, ticket or smartphone at security or customs. Internal mesh pockets keep your small essentials organized. Luggage tag on the side. Made from recycled polyester with the AWARE\u2122 label. 2% of the proceeds from every AWARE\u2122 product sold is donated to Water.org. PVC free.<\/p>","protected":false},"excerpt":{"rendered":"<p>Puhas disain muudab seljakoti v\u00e4ga mitmek\u00fclgseks ja ideaalseks nii t\u00f6\u00f6l kui ka vabal ajal. See on koosolekuruumi jaoks piisavalt nutikas, kuid pakub siiski kogu seljakoti mugavust. Kaitske oma 15,6-tollist s\u00fclearvutit eraldi polsterdatud tagaosaga. Selle mugava ja h\u00f5lpsasti ligip\u00e4\u00e4setava \u00fclemise tasku abil saate turva- v\u00f5i tollipunktist k\u00e4tte oma olulised esemed, nagu pass, pilet v\u00f5i nutitelefon. Sisemised [&hellip;]<\/p>\n","protected":false},"featured_media":33438,"template":"","meta":{"_acf_changed":false},"product_brand":[],"product_cat":[232,626],"product_tag":[659],"class_list":{"0":"post-33382","1":"product","2":"type-product","3":"status-publish","4":"has-post-thumbnail","6":"product_cat-kotid","7":"product_cat-sulearvutikott","8":"product_tag-more-colors","9":"pa_varv-beez","10":"pa_varv-must","11":"pa_varv-sinine","13":"first","14":"instock","15":"taxable","16":"shipping-taxable","17":"purchasable","18":"product-type-variable","19":"has-default-attributes"},"acf":[],"_links":{"self":[{"href":"https:\/\/fifaa.ee\/en\/wp-json\/wp\/v2\/product\/33382","targetHints":{"allow":["GET"]}}],"collection":[{"href":"https:\/\/fifaa.ee\/en\/wp-json\/wp\/v2\/product"}],"about":[{"href":"https:\/\/fifaa.ee\/en\/wp-json\/wp\/v2\/types\/product"}],"wp:featuredmedia":[{"embeddable":true,"href":"https:\/\/fifaa.ee\/en\/wp-json\/wp\/v2\/media\/33438"}],"wp:attachment":[{"href":"https:\/\/fifaa.ee\/en\/wp-json\/wp\/v2\/media?parent=33382"}],"wp:term":[{"taxonomy":"product_brand","embeddable":true,"href":"https:\/\/fifaa.ee\/en\/wp-json\/wp\/v2\/product_brand?post=33382"},{"taxonomy":"product_cat","embeddable":true,"href":"https:\/\/fifaa.ee\/en\/wp-json\/wp\/v2\/product_cat?post=33382"},{"taxonomy":"product_tag","embeddable":true,"href":"https:\/\/fifaa.ee\/en\/wp-json\/wp\/v2\/product_tag?post=33382"}],"curies":[{"name":"wp","href":"https:\/\/api.w.org\/{rel}","templated":true}]}}