{"id":33424,"date":"2025-01-28T16:32:51","date_gmt":"2025-01-28T14:32:51","guid":{"rendered":"https:\/\/fifaa.ee\/?post_type=product&#038;p=33424"},"modified":"2026-04-01T18:09:20","modified_gmt":"2026-04-01T15:09:20","slug":"armond-aware-rpet-156-tolline-tavaline-sulearvuti-seljakott","status":"publish","type":"product","link":"https:\/\/fifaa.ee\/en\/product\/armond-aware-rpet-156-tolline-tavaline-sulearvuti-seljakott\/","title":{"rendered":"Armond AWARE\u2122 RPET 15.6 inch standard laptop backpack"},"content":{"rendered":"<p>The clean design makes the backpack highly versatile and ideal for both work and play. It&#039;s smart enough for the boardroom, but still offers all the comfort of a backpack. Protect your 15.6&quot; laptop with the padded laptop compartment. The zippered front pocket keeps your essentials within easy reach. Made from recycled polyester with the AWARE\u2122 label. 2% of the proceeds from every AWARE\u2122 product sold is donated to Water.org. PVC free.<\/p>","protected":false},"excerpt":{"rendered":"<p>Puhas disain muudab seljakoti v\u00e4ga mitmek\u00fclgseks ja ideaalseks nii t\u00f6\u00f6l kui ka vabal ajal. See on koosolekuruumi jaoks piisavalt nutikas, kuid pakub siiski kogu seljakoti mugavust. Kaitske oma 15,6-tollist s\u00fclearvutit polsterdatud s\u00fclearvutiruumiga. T\u00f5mblukuga esitasku abil saate oma olulised asjad h\u00f5lpsalt k\u00e4tte. Valmistatud taaskasutatud pol\u00fcestrist, millele on lisatud AWARE\u2122 m\u00e4rgistus. 2% iga AWARE\u2122-iga m\u00fc\u00fcdud toote tulust [&hellip;]<\/p>\n","protected":false},"featured_media":33446,"template":"","meta":{"_acf_changed":false},"product_brand":[],"product_cat":[232,626],"product_tag":[659],"class_list":{"0":"post-33424","1":"product","2":"type-product","3":"status-publish","4":"has-post-thumbnail","6":"product_cat-kotid","7":"product_cat-sulearvutikott","8":"product_tag-more-colors","9":"pa_varv-beez","10":"pa_varv-must","11":"pa_varv-sinine","13":"first","14":"instock","15":"taxable","16":"shipping-taxable","17":"purchasable","18":"product-type-variable","19":"has-default-attributes"},"acf":[],"_links":{"self":[{"href":"https:\/\/fifaa.ee\/en\/wp-json\/wp\/v2\/product\/33424","targetHints":{"allow":["GET"]}}],"collection":[{"href":"https:\/\/fifaa.ee\/en\/wp-json\/wp\/v2\/product"}],"about":[{"href":"https:\/\/fifaa.ee\/en\/wp-json\/wp\/v2\/types\/product"}],"wp:featuredmedia":[{"embeddable":true,"href":"https:\/\/fifaa.ee\/en\/wp-json\/wp\/v2\/media\/33446"}],"wp:attachment":[{"href":"https:\/\/fifaa.ee\/en\/wp-json\/wp\/v2\/media?parent=33424"}],"wp:term":[{"taxonomy":"product_brand","embeddable":true,"href":"https:\/\/fifaa.ee\/en\/wp-json\/wp\/v2\/product_brand?post=33424"},{"taxonomy":"product_cat","embeddable":true,"href":"https:\/\/fifaa.ee\/en\/wp-json\/wp\/v2\/product_cat?post=33424"},{"taxonomy":"product_tag","embeddable":true,"href":"https:\/\/fifaa.ee\/en\/wp-json\/wp\/v2\/product_tag?post=33424"}],"curies":[{"name":"wp","href":"https:\/\/api.w.org\/{rel}","templated":true}]}}