{"id":33425,"date":"2025-01-28T16:32:51","date_gmt":"2025-01-28T14:32:51","guid":{"rendered":"https:\/\/fifaa.ee\/?post_type=product&#038;p=33425"},"modified":"2026-04-01T18:09:20","modified_gmt":"2026-04-01T15:09:20","slug":"bellroy-transiidi-toopakk","status":"publish","type":"product","link":"https:\/\/fifaa.ee\/en\/product\/bellroy-transiidi-toopakk\/","title":{"rendered":"Bellroy Transit Workpack"},"content":{"rendered":"<p>This streamlined backpack cleverly organizes work, life, and gym gear in a minimalist design that&#039;s perfect for the office. Separate laptop compartment with internal accessory pouch, holds up to 16\u201d devices. Full-zip flap opening for easy access without rummaging. Quick-access front pocket with mesh pockets and pen loop. Soft-lined sunglasses rest on top and stay out of the way. External side access pockets keep your wallet, water bottle, and other essentials out of sight. Zippered mesh pocket holds small everyday items. Large interior stretch pocket holds gym shoes and more!<\/p>","protected":false},"excerpt":{"rendered":"<p>See voolujooneline seljakott korraldab nutikalt t\u00f6\u00f6, elu ja j\u00f5usaalivarustuse minimalistliku disainiga, mis sobib kontorisse. Eraldi s\u00fclearvutiosa sisemise kotiga tarvikute jaoks, mahutab kuni 16\u201d seadmeid. T\u00e4ist\u00f5mblukuga klapiava h\u00f5lpsaks ligip\u00e4\u00e4semiseks ilma tuhnimiseta. Kiire juurdep\u00e4\u00e4suga esitasku v\u00f5rktaskute ja pliiatsi aasaga. Pehme voodriga p\u00e4ikeseprillid on \u00fclaosas ja j\u00e4\u00e4vad muljumispiirkonnast v\u00e4lja. V\u00e4lised k\u00fclgmised juurdep\u00e4\u00e4sutaskud hoiavad n\u00e4htamatult rahakotti, veepudelit ja muud [&hellip;]<\/p>\n","protected":false},"featured_media":33452,"template":"","meta":{"_acf_changed":false},"product_brand":[],"product_cat":[232,626],"product_tag":[],"class_list":{"0":"post-33425","1":"product","2":"type-product","3":"status-publish","4":"has-post-thumbnail","6":"product_cat-kotid","7":"product_cat-sulearvutikott","8":"pa_varv-must","10":"first","11":"instock","12":"taxable","13":"shipping-taxable","14":"purchasable","15":"product-type-variable","16":"has-default-attributes"},"acf":[],"_links":{"self":[{"href":"https:\/\/fifaa.ee\/en\/wp-json\/wp\/v2\/product\/33425","targetHints":{"allow":["GET"]}}],"collection":[{"href":"https:\/\/fifaa.ee\/en\/wp-json\/wp\/v2\/product"}],"about":[{"href":"https:\/\/fifaa.ee\/en\/wp-json\/wp\/v2\/types\/product"}],"wp:featuredmedia":[{"embeddable":true,"href":"https:\/\/fifaa.ee\/en\/wp-json\/wp\/v2\/media\/33452"}],"wp:attachment":[{"href":"https:\/\/fifaa.ee\/en\/wp-json\/wp\/v2\/media?parent=33425"}],"wp:term":[{"taxonomy":"product_brand","embeddable":true,"href":"https:\/\/fifaa.ee\/en\/wp-json\/wp\/v2\/product_brand?post=33425"},{"taxonomy":"product_cat","embeddable":true,"href":"https:\/\/fifaa.ee\/en\/wp-json\/wp\/v2\/product_cat?post=33425"},{"taxonomy":"product_tag","embeddable":true,"href":"https:\/\/fifaa.ee\/en\/wp-json\/wp\/v2\/product_tag?post=33425"}],"curies":[{"name":"wp","href":"https:\/\/api.w.org\/{rel}","templated":true}]}}