{"id":33426,"date":"2025-01-28T16:32:51","date_gmt":"2025-01-28T14:32:51","guid":{"rendered":"https:\/\/fifaa.ee\/?post_type=product&#038;p=33426"},"modified":"2026-04-01T18:09:43","modified_gmt":"2026-04-01T15:09:43","slug":"bellroy-transit-seljakott","status":"publish","type":"product","link":"https:\/\/fifaa.ee\/en\/product\/bellroy-transit-seljakott\/","title":{"rendered":"Bellroy Transit Backpack"},"content":{"rendered":"<p>An extra-capacity backpack designed for flexibility between long commutes, adventure trips, and business trips. Quick-access 16&quot; laptop compartment for easy airport screening. External access pockets discreetly store your passport, wallet, water bottle, and more. Front pocket with key clip. Soft-lined sunglass pocket. Padded shoulder straps, contoured back panel, and sternum strap for comfortable carrying. Internal compression straps to help reduce bulk and keep things in place. Internal Apple AirTag pocket.<\/p>","protected":false},"excerpt":{"rendered":"<p>T\u00e4iendava mahutavusega seljakott, mis on loodud paindlikuks suurte pendelr\u00e4nnete, seiklusreiside ja \u00e4rireiside vahel. Kiire juurdep\u00e4\u00e4suga 16-tolline s\u00fclearvuti sahtel lihtsaks lennujaamakontrolliks. V\u00e4lised juurdep\u00e4\u00e4sutaskud mahutavad n\u00e4htamatult passi, rahakoti, veepudeli ja palju muud. Esitasku v\u00f5tmeklambriga. Pehme voodriga p\u00e4ikeseprillitasku. Polsterdatud \u00f5larihmad, kontuuriga tagapaneel ja rinnaku rihm kandmismugavuse tagamiseks. Sisemised surverihmad, mis aitavad v\u00e4hendada mahtu ja hoida asju paigal. Apple [&hellip;]<\/p>\n","protected":false},"featured_media":33454,"template":"","meta":{"_acf_changed":false},"product_brand":[],"product_cat":[232,626],"product_tag":[],"class_list":{"0":"post-33426","1":"product","2":"type-product","3":"status-publish","4":"has-post-thumbnail","6":"product_cat-kotid","7":"product_cat-sulearvutikott","8":"pa_varv-must","10":"first","11":"instock","12":"taxable","13":"shipping-taxable","14":"purchasable","15":"product-type-variable","16":"has-default-attributes"},"acf":[],"_links":{"self":[{"href":"https:\/\/fifaa.ee\/en\/wp-json\/wp\/v2\/product\/33426","targetHints":{"allow":["GET"]}}],"collection":[{"href":"https:\/\/fifaa.ee\/en\/wp-json\/wp\/v2\/product"}],"about":[{"href":"https:\/\/fifaa.ee\/en\/wp-json\/wp\/v2\/types\/product"}],"wp:featuredmedia":[{"embeddable":true,"href":"https:\/\/fifaa.ee\/en\/wp-json\/wp\/v2\/media\/33454"}],"wp:attachment":[{"href":"https:\/\/fifaa.ee\/en\/wp-json\/wp\/v2\/media?parent=33426"}],"wp:term":[{"taxonomy":"product_brand","embeddable":true,"href":"https:\/\/fifaa.ee\/en\/wp-json\/wp\/v2\/product_brand?post=33426"},{"taxonomy":"product_cat","embeddable":true,"href":"https:\/\/fifaa.ee\/en\/wp-json\/wp\/v2\/product_cat?post=33426"},{"taxonomy":"product_tag","embeddable":true,"href":"https:\/\/fifaa.ee\/en\/wp-json\/wp\/v2\/product_tag?post=33426"}],"curies":[{"name":"wp","href":"https:\/\/api.w.org\/{rel}","templated":true}]}}