{"id":33430,"date":"2025-01-28T16:32:51","date_gmt":"2025-01-28T14:32:51","guid":{"rendered":"https:\/\/fifaa.ee\/?post_type=product&#038;p=33430"},"modified":"2026-04-01T18:10:35","modified_gmt":"2026-04-01T15:10:35","slug":"bellroy-lite-paevakott","status":"publish","type":"product","link":"https:\/\/fifaa.ee\/en\/product\/bellroy-lite-paevakott\/","title":{"rendered":"Bellroy Lite Daypack"},"content":{"rendered":"<p>This ultra-lightweight backpack balances performance and comfort so you can move like the wind wherever your adventure takes you. Durable ripstop is 3x lighter than our other fabric and made from 100% recycled PET. Folds or rolls up for travel. Internal document sleeve. Raised essentials pocket with key clip. Padded, breathable mesh back panels and shoulder straps. Adjustable and removable sternum strap. Integrated bike light loop.<\/p>","protected":false},"excerpt":{"rendered":"<p>See \u00fclikerge seljakott tasakaalustab j\u00f5udluse ja mugavuse, nii et saate liikuda nagu tuul k\u00f5ikjal, kuhu seiklus teid viib. Vastupidav ripstop on 3x kergem kui meie teine \u200b\u200bkangas ja valmistatud 100% taaskasutatud PET-st. Saab kokku voltida v\u00f5i rullida ning reisimiseks pakkida. Sisemine dokumendi\u00fcmbris. K\u00f5rgendatud esmatarbeesemete tasku v\u00f5tmeklambriga. Polsterdatud, hingavast v\u00f5rgust seljapaneelid ja \u00f5larihmad. Reguleeritav ja eemaldatav [&hellip;]<\/p>\n","protected":false},"featured_media":33462,"template":"","meta":{"_acf_changed":false},"product_brand":[],"product_cat":[232,573],"product_tag":[659],"class_list":{"0":"post-33430","1":"product","2":"type-product","3":"status-publish","4":"has-post-thumbnail","6":"product_cat-kotid","7":"product_cat-seljakott","8":"product_tag-more-colors","9":"pa_varv-beez","10":"pa_varv-must","12":"first","13":"instock","14":"taxable","15":"shipping-taxable","16":"purchasable","17":"product-type-variable","18":"has-default-attributes"},"acf":[],"_links":{"self":[{"href":"https:\/\/fifaa.ee\/en\/wp-json\/wp\/v2\/product\/33430","targetHints":{"allow":["GET"]}}],"collection":[{"href":"https:\/\/fifaa.ee\/en\/wp-json\/wp\/v2\/product"}],"about":[{"href":"https:\/\/fifaa.ee\/en\/wp-json\/wp\/v2\/types\/product"}],"wp:featuredmedia":[{"embeddable":true,"href":"https:\/\/fifaa.ee\/en\/wp-json\/wp\/v2\/media\/33462"}],"wp:attachment":[{"href":"https:\/\/fifaa.ee\/en\/wp-json\/wp\/v2\/media?parent=33430"}],"wp:term":[{"taxonomy":"product_brand","embeddable":true,"href":"https:\/\/fifaa.ee\/en\/wp-json\/wp\/v2\/product_brand?post=33430"},{"taxonomy":"product_cat","embeddable":true,"href":"https:\/\/fifaa.ee\/en\/wp-json\/wp\/v2\/product_cat?post=33430"},{"taxonomy":"product_tag","embeddable":true,"href":"https:\/\/fifaa.ee\/en\/wp-json\/wp\/v2\/product_tag?post=33430"}],"curies":[{"name":"wp","href":"https:\/\/api.w.org\/{rel}","templated":true}]}}