{"id":33431,"date":"2025-01-28T16:32:51","date_gmt":"2025-01-28T14:32:51","guid":{"rendered":"https:\/\/fifaa.ee\/?post_type=product&#038;p=33431"},"modified":"2026-04-01T18:10:35","modified_gmt":"2026-04-01T15:10:35","slug":"bellroy-lite-duffel","status":"publish","type":"product","link":"https:\/\/fifaa.ee\/en\/product\/bellroy-lite-duffel\/","title":{"rendered":"Bellroy Lite Duffel"},"content":{"rendered":"<p>A traditional swivel bag that&#039;s tough enough for adventure, yet light enough to move like the wind. Durable ripstop is 3x lighter than our other fabrics. Can be folded or rolled up and packed for travel. Zipper opens from both ends for extra-wide, unobstructed access. Exterior zippered compartment with pockets and integrated key clip. Interior hat pockets at both ends. Reinforced rim for stability when zipped. Adjustable and removable padded shoulder strap.<\/p>","protected":false},"excerpt":{"rendered":"<p>Traditsiooniline p\u00f6\u00f6rdega kott on seikluseks piisavalt vastupidav, kuid piisavalt kerge, et saaksite liikuda nagu tuul. Vastupidav ripstop on 3x kergem kui meie teised kangad. Saab kokku voltida v\u00f5i rullida ning reisimiseks pakkida. T\u00f5mblukk avaneb m\u00f5lemast otsast, et tagada \u00fclilai ja takistusteta juurdep\u00e4\u00e4s. V\u00e4line t\u00f5mblukuga sahtel taskute ja integreeritud v\u00f5tmeklambriga. M\u00f5lemas otsas sisemised m\u00fctsitaskud. Tugevdatud velg [&hellip;]<\/p>\n","protected":false},"featured_media":33466,"template":"","meta":{"_acf_changed":false},"product_brand":[],"product_cat":[232,645],"product_tag":[659],"class_list":{"0":"post-33431","1":"product","2":"type-product","3":"status-publish","4":"has-post-thumbnail","6":"product_cat-kotid","7":"product_cat-spordikott","8":"product_tag-more-colors","9":"pa_varv-beez","10":"pa_varv-must","12":"first","13":"instock","14":"taxable","15":"shipping-taxable","16":"purchasable","17":"product-type-variable","18":"has-default-attributes"},"acf":[],"_links":{"self":[{"href":"https:\/\/fifaa.ee\/en\/wp-json\/wp\/v2\/product\/33431","targetHints":{"allow":["GET"]}}],"collection":[{"href":"https:\/\/fifaa.ee\/en\/wp-json\/wp\/v2\/product"}],"about":[{"href":"https:\/\/fifaa.ee\/en\/wp-json\/wp\/v2\/types\/product"}],"wp:featuredmedia":[{"embeddable":true,"href":"https:\/\/fifaa.ee\/en\/wp-json\/wp\/v2\/media\/33466"}],"wp:attachment":[{"href":"https:\/\/fifaa.ee\/en\/wp-json\/wp\/v2\/media?parent=33431"}],"wp:term":[{"taxonomy":"product_brand","embeddable":true,"href":"https:\/\/fifaa.ee\/en\/wp-json\/wp\/v2\/product_brand?post=33431"},{"taxonomy":"product_cat","embeddable":true,"href":"https:\/\/fifaa.ee\/en\/wp-json\/wp\/v2\/product_cat?post=33431"},{"taxonomy":"product_tag","embeddable":true,"href":"https:\/\/fifaa.ee\/en\/wp-json\/wp\/v2\/product_tag?post=33431"}],"curies":[{"name":"wp","href":"https:\/\/api.w.org\/{rel}","templated":true}]}}