{"id":33475,"date":"2025-01-28T16:33:13","date_gmt":"2025-01-28T14:33:13","guid":{"rendered":"https:\/\/fifaa.ee\/?post_type=product&#038;p=33475"},"modified":"2026-04-01T18:11:50","modified_gmt":"2026-04-01T15:11:50","slug":"swiss-peak-aware-rpet-essential-156-tolline-sulearvuti-seljakott","status":"publish","type":"product","link":"https:\/\/fifaa.ee\/en\/product\/swiss-peak-aware-rpet-essential-156-tolline-sulearvuti-seljakott\/","title":{"rendered":"Swiss Peak Aware\u2122 RPET Essential 15.6 inch laptop backpack"},"content":{"rendered":"<p>The Swiss Peak Aware\u2122 RPET Essential 15.6&quot; Laptop Backpack is designed to meet your everyday business needs. Made from 100% rPET, this sleek and durable backpack features a main zippered compartment with a dedicated laptop compartment that fits modern 15.6&quot; laptops, and an interior mesh zipper pocket and care label. Adjustable buckle shoulder straps ensure a comfortable fit, while a front zippered pocket and side drink holder pocket provide additional storage. The bag also features a convenient luggage strap on the back and top for easy carrying. Tonal Swiss Peak logo and premium Swiss Peak zippers complete its professional look. Made from recycled polyester with the AWARE\u2122 label. 2% of the proceeds from every AWARE\u2122 product sold is donated to Water.org. PVC free.<\/p>","protected":false},"excerpt":{"rendered":"<p>Swiss Peak Aware\u2122 RPET Essential 15,6-tolline s\u00fclearvuti seljakott on loodud teie igap\u00e4evaste \u00e4rivajaduste rahuldamiseks. Sellel 100% rPET-ist valmistatud elegantsel ja vastupidaval seljakotil on peamine lukuga sahtel koos spetsiaalse s\u00fclearvutiosaga, mis sobib kaasaegsetele 15,6-tollistele s\u00fclearvutitele, ning sees on v\u00f5rgust t\u00f5mblukuga tasku ja hooldussilt. Reguleeritavad pandlaga \u00f5larihmad tagavad mugava istumise, eesmine t\u00f5mblukuga tasku ja k\u00fclgmise joogihoidja tasku [&hellip;]<\/p>\n","protected":false},"featured_media":33493,"template":"","meta":{"_acf_changed":false},"product_brand":[],"product_cat":[232,626],"product_tag":[],"class_list":{"0":"post-33475","1":"product","2":"type-product","3":"status-publish","4":"has-post-thumbnail","6":"product_cat-kotid","7":"product_cat-sulearvutikott","8":"pa_varv-must","10":"first","11":"instock","12":"taxable","13":"shipping-taxable","14":"purchasable","15":"product-type-variable","16":"has-default-attributes"},"acf":[],"_links":{"self":[{"href":"https:\/\/fifaa.ee\/en\/wp-json\/wp\/v2\/product\/33475","targetHints":{"allow":["GET"]}}],"collection":[{"href":"https:\/\/fifaa.ee\/en\/wp-json\/wp\/v2\/product"}],"about":[{"href":"https:\/\/fifaa.ee\/en\/wp-json\/wp\/v2\/types\/product"}],"wp:featuredmedia":[{"embeddable":true,"href":"https:\/\/fifaa.ee\/en\/wp-json\/wp\/v2\/media\/33493"}],"wp:attachment":[{"href":"https:\/\/fifaa.ee\/en\/wp-json\/wp\/v2\/media?parent=33475"}],"wp:term":[{"taxonomy":"product_brand","embeddable":true,"href":"https:\/\/fifaa.ee\/en\/wp-json\/wp\/v2\/product_brand?post=33475"},{"taxonomy":"product_cat","embeddable":true,"href":"https:\/\/fifaa.ee\/en\/wp-json\/wp\/v2\/product_cat?post=33475"},{"taxonomy":"product_tag","embeddable":true,"href":"https:\/\/fifaa.ee\/en\/wp-json\/wp\/v2\/product_tag?post=33475"}],"curies":[{"name":"wp","href":"https:\/\/api.w.org\/{rel}","templated":true}]}}