{"id":33476,"date":"2025-01-28T16:33:13","date_gmt":"2025-01-28T14:33:13","guid":{"rendered":"https:\/\/fifaa.ee\/?post_type=product&#038;p=33476"},"modified":"2026-04-01T18:11:50","modified_gmt":"2026-04-01T15:11:50","slug":"lima-aware-rpet-veekindel-15-6-sulearvuti-seljakott","status":"publish","type":"product","link":"https:\/\/fifaa.ee\/en\/product\/lima-aware-rpet-veekindel-15-6-sulearvuti-seljakott\/","title":{"rendered":"Lima Aware\u2122 RPET water resistant 15.6 laptop backpack"},"content":{"rendered":"<p>The Lima Aware\u2122 RPET Waterproof 15.6&quot; Laptop Backpack offers the ultimate in style and protection for your tech. Made from 100% rPET and PU backing, this backpack is designed to protect your essentials. The main compartment features a dedicated laptop compartment for 15.6&quot; laptops, featuring an exclusive logo on the top left corner and a Velcro strap for added security. Inside, you&#039;ll find two RFID-protected pockets and two pen loops for organization. The bag also features two front zippered pockets, four zipper pullers with black accents, and two side pockets made from half mesh, half polyester. Adjustable shoulder straps provide comfort, while front and back waterproof zippers protect your belongings from the elements. Made from recycled polyester with the AWARE\u2122 label. 2% of the proceeds from every AWARE\u2122 product sold is donated to Water.org. PVC free.<\/p>","protected":false},"excerpt":{"rendered":"<p>Lima Aware\u2122 RPET veekindel 15,6-tolline s\u00fclearvuti seljakott pakub teie tehnikale t\u00e4iuslikku stiili ja kaitset. See seljakott on valmistatud 100% rPET-ist ja PU-tagust ning see on loodud teie esmatarbekaupade kaitsmiseks. P\u00f5hisahtlis on spetsiaalne s\u00fclearvutiosa 15,6-tolliste s\u00fclearvutite jaoks, mille vasakus \u00fclanurgas on eksklusiivne logo ja lisaturvalisuse tagamiseks takjapael. Seest leiate kaks RFID-kaitsega taskut ja kaks pliiatsi aasat [&hellip;]<\/p>\n","protected":false},"featured_media":33495,"template":"","meta":{"_acf_changed":false},"product_brand":[],"product_cat":[232,626],"product_tag":[],"class_list":{"0":"post-33476","1":"product","2":"type-product","3":"status-publish","4":"has-post-thumbnail","6":"product_cat-kotid","7":"product_cat-sulearvutikott","8":"pa_varv-must","10":"first","11":"instock","12":"taxable","13":"shipping-taxable","14":"purchasable","15":"product-type-variable","16":"has-default-attributes"},"acf":[],"_links":{"self":[{"href":"https:\/\/fifaa.ee\/en\/wp-json\/wp\/v2\/product\/33476","targetHints":{"allow":["GET"]}}],"collection":[{"href":"https:\/\/fifaa.ee\/en\/wp-json\/wp\/v2\/product"}],"about":[{"href":"https:\/\/fifaa.ee\/en\/wp-json\/wp\/v2\/types\/product"}],"wp:featuredmedia":[{"embeddable":true,"href":"https:\/\/fifaa.ee\/en\/wp-json\/wp\/v2\/media\/33495"}],"wp:attachment":[{"href":"https:\/\/fifaa.ee\/en\/wp-json\/wp\/v2\/media?parent=33476"}],"wp:term":[{"taxonomy":"product_brand","embeddable":true,"href":"https:\/\/fifaa.ee\/en\/wp-json\/wp\/v2\/product_brand?post=33476"},{"taxonomy":"product_cat","embeddable":true,"href":"https:\/\/fifaa.ee\/en\/wp-json\/wp\/v2\/product_cat?post=33476"},{"taxonomy":"product_tag","embeddable":true,"href":"https:\/\/fifaa.ee\/en\/wp-json\/wp\/v2\/product_tag?post=33476"}],"curies":[{"name":"wp","href":"https:\/\/api.w.org\/{rel}","templated":true}]}}