{"id":33477,"date":"2025-01-28T16:33:13","date_gmt":"2025-01-28T14:33:13","guid":{"rendered":"https:\/\/fifaa.ee\/?post_type=product&#038;p=33477"},"modified":"2026-04-01T18:12:12","modified_gmt":"2026-04-01T15:12:12","slug":"ace-aware-rpet-tasuta-pardal-reisipakk","status":"publish","type":"product","link":"https:\/\/fifaa.ee\/en\/product\/ace-aware-rpet-tasuta-pardal-reisipakk\/","title":{"rendered":"Ace Aware\u2122 RPET Free On Board travel pack"},"content":{"rendered":"<p>The Ace Aware\u2122 RPET Free On Board Travel Pack is designed for the budget-conscious traveler who values comfort. Made from 100% rPET, this compact backpack features adjustable shoulder straps, a top strap handle, and a front zippered pocket for quick access to essentials. The main compartment features an elasticized trolley strap for added functionality, and with a 16-liter capacity, it fits under any airline seat. Perfect for weekend trips, this backpack meets the maximum free carry-on size requirements of budget airlines, ensuring you won\u2019t be charged extra for your bag. Made from recycled polyester with the AWARE\u2122 label. 2% of the proceeds from every AWARE\u2122 product sold is donated to Water.org. PVC free.<\/p>","protected":false},"excerpt":{"rendered":"<p>Ace Aware\u2122 RPET Free On Board Travel Pack on m\u00f5eldud eelarveteadlikule reisijale, kes hindab mugavust. 100% rPET-ist valmistatud kompaktsel seljakotil on reguleeritavad \u00f5larihmad, \u00fclaosas rihmaga k\u00e4epide ja eesmine t\u00f5mblukuga tasku, mis v\u00f5imaldab kiiret juurdep\u00e4\u00e4su olulistele asjadele. P\u00f5hisahtlis on funktsionaalsuse suurendamiseks elastne k\u00e4ru rihm ning 16-liitrise mahuga mahub see iga lennufirma istme alla. See seljakott, mis [&hellip;]<\/p>\n","protected":false},"featured_media":33497,"template":"","meta":{"_acf_changed":false},"product_brand":[],"product_cat":[232,645],"product_tag":[659],"class_list":{"0":"post-33477","1":"product","2":"type-product","3":"status-publish","4":"has-post-thumbnail","6":"product_cat-kotid","7":"product_cat-spordikott","8":"product_tag-more-colors","9":"pa_varv-hall","10":"pa_varv-must","11":"pa_varv-sinine","13":"first","14":"instock","15":"taxable","16":"shipping-taxable","17":"purchasable","18":"product-type-variable","19":"has-default-attributes"},"acf":[],"_links":{"self":[{"href":"https:\/\/fifaa.ee\/en\/wp-json\/wp\/v2\/product\/33477","targetHints":{"allow":["GET"]}}],"collection":[{"href":"https:\/\/fifaa.ee\/en\/wp-json\/wp\/v2\/product"}],"about":[{"href":"https:\/\/fifaa.ee\/en\/wp-json\/wp\/v2\/types\/product"}],"wp:featuredmedia":[{"embeddable":true,"href":"https:\/\/fifaa.ee\/en\/wp-json\/wp\/v2\/media\/33497"}],"wp:attachment":[{"href":"https:\/\/fifaa.ee\/en\/wp-json\/wp\/v2\/media?parent=33477"}],"wp:term":[{"taxonomy":"product_brand","embeddable":true,"href":"https:\/\/fifaa.ee\/en\/wp-json\/wp\/v2\/product_brand?post=33477"},{"taxonomy":"product_cat","embeddable":true,"href":"https:\/\/fifaa.ee\/en\/wp-json\/wp\/v2\/product_cat?post=33477"},{"taxonomy":"product_tag","embeddable":true,"href":"https:\/\/fifaa.ee\/en\/wp-json\/wp\/v2\/product_tag?post=33477"}],"curies":[{"name":"wp","href":"https:\/\/api.w.org\/{rel}","templated":true}]}}