{"id":33478,"date":"2025-01-28T16:33:13","date_gmt":"2025-01-28T14:33:13","guid":{"rendered":"https:\/\/fifaa.ee\/?post_type=product&#038;p=33478"},"modified":"2026-04-01T18:12:12","modified_gmt":"2026-04-01T15:12:12","slug":"armond-aware-rpet-tasuta-pardal-reisipakk","status":"publish","type":"product","link":"https:\/\/fifaa.ee\/en\/product\/armond-aware-rpet-tasuta-pardal-reisipakk\/","title":{"rendered":"Armond Aware\u2122 RPET Free On Board travel pack"},"content":{"rendered":"<p>The Armond Aware\u2122 RPET Free On Board Travel Pack is designed for the budget-conscious or short-term business traveler. This backpack is made from rPET with a water-resistant PU coating and features AWARE technology. The RPET-lined interior keeps your belongings organized, while adjustable shoulder straps and a sturdy webbing handle on top provide comfort and convenience. With a front zippered pocket and a mini trolley compartment with an elastic strap, this pack is ideal for business or weekend trips. Its compact size fits under any low-cost airline seat, so you don&#039;t have to worry about extra baggage fees. Made from recycled polyester with the AWARE\u2122 label attached. 2% of the proceeds from every AWARE\u2122 product sold is donated to Water.org. PVC free.<\/p>","protected":false},"excerpt":{"rendered":"<p>Armond Aware\u2122 RPET Free On Board Travel Pack on m\u00f5eldud eelarveteadlikule v\u00f5i l\u00fchiajalisele \u00e4rireisijale. See seljakott on valmistatud rPET-st, millel on veekindel PU-kate ja millel on AWARE tehnoloogia. RPET-iga vooderdatud sisemus tagab teie asjade korrastatuse, samal ajal kui reguleeritavad \u00f5larihmad ja peal asetsev tugev lindiga k\u00e4epide pakuvad mugavust ja mugavust. Eesmise t\u00f5mblukuga tasku ja elastse [&hellip;]<\/p>\n","protected":false},"featured_media":33503,"template":"","meta":{"_acf_changed":false},"product_brand":[],"product_cat":[232,645],"product_tag":[659],"class_list":{"0":"post-33478","1":"product","2":"type-product","3":"status-publish","4":"has-post-thumbnail","6":"product_cat-kotid","7":"product_cat-spordikott","8":"product_tag-more-colors","9":"pa_varv-must","10":"pa_varv-sinine","12":"first","13":"instock","14":"taxable","15":"shipping-taxable","16":"purchasable","17":"product-type-variable","18":"has-default-attributes"},"acf":[],"_links":{"self":[{"href":"https:\/\/fifaa.ee\/en\/wp-json\/wp\/v2\/product\/33478","targetHints":{"allow":["GET"]}}],"collection":[{"href":"https:\/\/fifaa.ee\/en\/wp-json\/wp\/v2\/product"}],"about":[{"href":"https:\/\/fifaa.ee\/en\/wp-json\/wp\/v2\/types\/product"}],"wp:featuredmedia":[{"embeddable":true,"href":"https:\/\/fifaa.ee\/en\/wp-json\/wp\/v2\/media\/33503"}],"wp:attachment":[{"href":"https:\/\/fifaa.ee\/en\/wp-json\/wp\/v2\/media?parent=33478"}],"wp:term":[{"taxonomy":"product_brand","embeddable":true,"href":"https:\/\/fifaa.ee\/en\/wp-json\/wp\/v2\/product_brand?post=33478"},{"taxonomy":"product_cat","embeddable":true,"href":"https:\/\/fifaa.ee\/en\/wp-json\/wp\/v2\/product_cat?post=33478"},{"taxonomy":"product_tag","embeddable":true,"href":"https:\/\/fifaa.ee\/en\/wp-json\/wp\/v2\/product_tag?post=33478"}],"curies":[{"name":"wp","href":"https:\/\/api.w.org\/{rel}","templated":true}]}}