{"id":33479,"date":"2025-01-28T16:33:13","date_gmt":"2025-01-28T14:33:13","guid":{"rendered":"https:\/\/fifaa.ee\/?post_type=product&#038;p=33479"},"modified":"2026-04-01T18:12:12","modified_gmt":"2026-04-01T15:12:12","slug":"sp-aware-rpet-edin-100-taaskasutatud-156-tolline-sulearvuti-seljakott","status":"publish","type":"product","link":"https:\/\/fifaa.ee\/en\/product\/sp-aware-rpet-edin-100-taaskasutatud-156-tolline-sulearvuti-seljakott\/","title":{"rendered":"SP Aware\u2122 RPET Edin 100% recycled 15.6 inch laptop backpack"},"content":{"rendered":"<p>The SP Aware\u2122 RPET Edin 100% Recycled 15.6&quot; Laptop Backpack combines functionality and sustainability for your business needs. Made from 100% rPET and a matching rPET lining, this backpack features a laptop compartment that fits 15.6&quot; and 16&quot; laptops. It also features a front zippered pocket, a middle zippered compartment with a mesh zipper pocket, two passport-sized sleeve pockets, and an open sleeve pocket for a pen. This backpack is designed with convenience in mind with a luggage strap for easy travel and a top strap handle. Every component, from the strap to the zippers and buckles, is made from recycled materials, making it a completely sustainable choice for the modern professional. Made from recycled polyester with the AWARE\u2122 label. 2% of the proceeds from every AWARE\u2122 product sold is donated to Water.org. PVC free.<\/p>","protected":false},"excerpt":{"rendered":"<p>SP Aware\u2122 RPET Edin 100% taaskasutatud 15,6-tolline s\u00fclearvuti seljakott \u00fchendab funktsionaalsuse ja j\u00e4tkusuutlikkuse teie ettev\u00f5tte vajaduste jaoks. See seljakott on valmistatud 100% rPET-ist ja sobiva rPET-voodriga ning sellel on s\u00fclearvuti sahtel, mis mahub 15,6- ja 16-tollistele s\u00fclearvutitele. Sellel on ka eesmine t\u00f5mblukuga tasku, keskmine t\u00f5mblukuga sahtel v\u00f5rgust lukuga taskuga, kaks passi suurust varrukataskut ja avatud [&hellip;]<\/p>\n","protected":false},"featured_media":33507,"template":"","meta":{"_acf_changed":false},"product_brand":[],"product_cat":[232,626],"product_tag":[],"class_list":{"0":"post-33479","1":"product","2":"type-product","3":"status-publish","4":"has-post-thumbnail","6":"product_cat-kotid","7":"product_cat-sulearvutikott","8":"pa_varv-must","10":"first","11":"instock","12":"taxable","13":"shipping-taxable","14":"purchasable","15":"product-type-variable","16":"has-default-attributes"},"acf":[],"_links":{"self":[{"href":"https:\/\/fifaa.ee\/en\/wp-json\/wp\/v2\/product\/33479","targetHints":{"allow":["GET"]}}],"collection":[{"href":"https:\/\/fifaa.ee\/en\/wp-json\/wp\/v2\/product"}],"about":[{"href":"https:\/\/fifaa.ee\/en\/wp-json\/wp\/v2\/types\/product"}],"wp:featuredmedia":[{"embeddable":true,"href":"https:\/\/fifaa.ee\/en\/wp-json\/wp\/v2\/media\/33507"}],"wp:attachment":[{"href":"https:\/\/fifaa.ee\/en\/wp-json\/wp\/v2\/media?parent=33479"}],"wp:term":[{"taxonomy":"product_brand","embeddable":true,"href":"https:\/\/fifaa.ee\/en\/wp-json\/wp\/v2\/product_brand?post=33479"},{"taxonomy":"product_cat","embeddable":true,"href":"https:\/\/fifaa.ee\/en\/wp-json\/wp\/v2\/product_cat?post=33479"},{"taxonomy":"product_tag","embeddable":true,"href":"https:\/\/fifaa.ee\/en\/wp-json\/wp\/v2\/product_tag?post=33479"}],"curies":[{"name":"wp","href":"https:\/\/api.w.org\/{rel}","templated":true}]}}