{"id":33521,"date":"2025-01-28T16:33:31","date_gmt":"2025-01-28T14:33:31","guid":{"rendered":"https:\/\/fifaa.ee\/?post_type=product&#038;p=33521"},"modified":"2026-04-01T18:12:56","modified_gmt":"2026-04-01T15:12:56","slug":"swiss-peak-deluxe-a5-markmiku-ja-pliiatsikomplekt","status":"publish","type":"product","link":"https:\/\/fifaa.ee\/en\/product\/swiss-peak-deluxe-a5-markmiku-ja-pliiatsikomplekt\/","title":{"rendered":"Swiss Peak deluxe A5 notebook and pen set"},"content":{"rendered":"<p>This notebook and pen set is a great choice for those who want to look stylish and sophisticated in the office. The notebook has a richly textured PU cover with a metal logo, 80 sheets\/160 pages of 80gsm lined cream-colored paper. The pen is equipped with German ink and has a writing length of 1200 meters. Packaged in a luxurious sleeved gift box.<\/p>","protected":false},"excerpt":{"rendered":"<p>See m\u00e4rkmiku- ja pliiatsikomplekt on suurep\u00e4rane valik neile, kes soovivad kontoris stiilne ja kogenud v\u00e4lja n\u00e4ha. S\u00fclearvutil on rikkaliku tekstuuriga metallist logoga PU-kaas, 80 lehte\/160 lehek\u00fclge 80 grammi vooderdatud kreemjav\u00e4rviline paber. Pliiats on varustatud saksa tindiga ja selle kirjutuspikkus on 1200 meetrit. Pakitud luksuslikku varrukatega kinkekarpi.<\/p>","protected":false},"featured_media":33537,"template":"","meta":{"_acf_changed":false},"product_brand":[],"product_cat":[606,605],"product_tag":[],"class_list":{"0":"post-33521","1":"product","2":"type-product","3":"status-publish","4":"has-post-thumbnail","6":"product_cat-markmikud","7":"product_cat-markmikud-ja-mapid","8":"pa_varv-must","10":"first","11":"instock","12":"taxable","13":"shipping-taxable","14":"purchasable","15":"product-type-variable","16":"has-default-attributes"},"acf":[],"_links":{"self":[{"href":"https:\/\/fifaa.ee\/en\/wp-json\/wp\/v2\/product\/33521","targetHints":{"allow":["GET"]}}],"collection":[{"href":"https:\/\/fifaa.ee\/en\/wp-json\/wp\/v2\/product"}],"about":[{"href":"https:\/\/fifaa.ee\/en\/wp-json\/wp\/v2\/types\/product"}],"wp:featuredmedia":[{"embeddable":true,"href":"https:\/\/fifaa.ee\/en\/wp-json\/wp\/v2\/media\/33537"}],"wp:attachment":[{"href":"https:\/\/fifaa.ee\/en\/wp-json\/wp\/v2\/media?parent=33521"}],"wp:term":[{"taxonomy":"product_brand","embeddable":true,"href":"https:\/\/fifaa.ee\/en\/wp-json\/wp\/v2\/product_brand?post=33521"},{"taxonomy":"product_cat","embeddable":true,"href":"https:\/\/fifaa.ee\/en\/wp-json\/wp\/v2\/product_cat?post=33521"},{"taxonomy":"product_tag","embeddable":true,"href":"https:\/\/fifaa.ee\/en\/wp-json\/wp\/v2\/product_tag?post=33521"}],"curies":[{"name":"wp","href":"https:\/\/api.w.org\/{rel}","templated":true}]}}