{"id":33619,"date":"2025-01-28T16:34:18","date_gmt":"2025-01-28T14:34:18","guid":{"rendered":"https:\/\/fifaa.ee\/?post_type=product&#038;p=33619"},"modified":"2026-04-01T18:15:48","modified_gmt":"2026-04-01T15:15:48","slug":"impact-aware-rpet-a5-sulearvuti","status":"publish","type":"product","link":"https:\/\/fifaa.ee\/en\/product\/impact-aware-rpet-a5-sulearvuti\/","title":{"rendered":"Impact AWARE\u2122 RPET A5 notebook"},"content":{"rendered":"<p>No greenwashing, just telling a true story about sustainability! This Impact collection is made with the AWARE\u2122 imprint. With AWARE\u2122, AWARE uses disruptive physical imprinting and blockchain technology to ensure the use of genuine recycled fabric materials and water reduction claims. Save water and use genuine recycled fabrics. When you choose this product, you save 4 liters of water and 7 plastic bottles are recycled. With a focus on water, 2% of the proceeds from every Impact product sold is donated to Water.org. Keep all your work essentials organized with the A5 AWARE\u2122 RPET portfolio. Inside the portfolio you will find a matching notebook. The notebook contains 64 sheets\/128 sheets of cream-lined 80gsm FSC recycled paper. Inside you will find 1 large sleeve pocket, a phone pocket, 2 card slots and a pen loop. Inside and out 100% recycled polyester with AWARE\u2122 labeling. PVC free. Impact savings based on reliable LCA data from the Textile Exchange.<\/p>","protected":false},"excerpt":{"rendered":"<p>Ei mingit rohepesu, vaid r\u00e4\u00e4gib t\u00f5estis\u00fcndinud lugu j\u00e4tkusuutlikkusest! See Impact kollektsioon on valmistatud AWARE\u2122 j\u00e4ljendajaga. AWARE\u2122 abil on AWARE h\u00e4iriva f\u00fc\u00fcsilise j\u00e4ljendi ja plokiahela tehnoloogia abil tagatud ehtsate ringlussev\u00f5etud kangamaterjalide kasutamine ja vee v\u00e4hendamise v\u00e4ited. S\u00e4\u00e4stke vett ja kasutage ehtsaid taaskasutatud kangaid. Kui valite selle toote, s\u00e4\u00e4state 4 liitrit vett ja 7 plastpudelit on taaskasutatud. [&hellip;]<\/p>\n","protected":false},"featured_media":33632,"template":"","meta":{"_acf_changed":false},"product_brand":[],"product_cat":[606,605],"product_tag":[659],"class_list":{"0":"post-33619","1":"product","2":"type-product","3":"status-publish","4":"has-post-thumbnail","6":"product_cat-markmikud","7":"product_cat-markmikud-ja-mapid","8":"product_tag-more-colors","9":"pa_varv-hall","10":"pa_varv-must","11":"pa_varv-sinine","13":"first","14":"instock","15":"taxable","16":"shipping-taxable","17":"purchasable","18":"product-type-variable","19":"has-default-attributes"},"acf":[],"_links":{"self":[{"href":"https:\/\/fifaa.ee\/en\/wp-json\/wp\/v2\/product\/33619","targetHints":{"allow":["GET"]}}],"collection":[{"href":"https:\/\/fifaa.ee\/en\/wp-json\/wp\/v2\/product"}],"about":[{"href":"https:\/\/fifaa.ee\/en\/wp-json\/wp\/v2\/types\/product"}],"wp:featuredmedia":[{"embeddable":true,"href":"https:\/\/fifaa.ee\/en\/wp-json\/wp\/v2\/media\/33632"}],"wp:attachment":[{"href":"https:\/\/fifaa.ee\/en\/wp-json\/wp\/v2\/media?parent=33619"}],"wp:term":[{"taxonomy":"product_brand","embeddable":true,"href":"https:\/\/fifaa.ee\/en\/wp-json\/wp\/v2\/product_brand?post=33619"},{"taxonomy":"product_cat","embeddable":true,"href":"https:\/\/fifaa.ee\/en\/wp-json\/wp\/v2\/product_cat?post=33619"},{"taxonomy":"product_tag","embeddable":true,"href":"https:\/\/fifaa.ee\/en\/wp-json\/wp\/v2\/product_tag?post=33619"}],"curies":[{"name":"wp","href":"https:\/\/api.w.org\/{rel}","templated":true}]}}