{"id":33623,"date":"2025-01-28T16:34:18","date_gmt":"2025-01-28T14:34:18","guid":{"rendered":"https:\/\/fifaa.ee\/?post_type=product&#038;p=33623"},"modified":"2026-04-01T18:16:38","modified_gmt":"2026-04-01T15:16:38","slug":"moodne-luksuslik-pehmekaaneline-a5-markmik","status":"publish","type":"product","link":"https:\/\/fifaa.ee\/en\/product\/moodne-luksuslik-pehmekaaneline-a5-markmik\/","title":{"rendered":"Modern deluxe softcover A5 notebook"},"content":{"rendered":"<p>This modern luxury A5 notebook is so incredibly soft and luxurious and contains 96 sheets and 192 pages, so plenty of pages to jot down your best ideas. Made from 80gsm cream lined paper. It is essential for writing down tasks\/reminders and taking professional notes in meetings at work. Soft and durable PU cover with a simplistic black elastic horizontal closure makes it great on the eye. Due to its bendable cover, it can be used perfectly as a portable\/travel notebook, perfect for on the go.<\/p>","protected":false},"excerpt":{"rendered":"<p>See kaasaegne luksuslik A5-formaadis s\u00fclearvuti on nii uskumatult pehme ja luksuslik ning sisaldab 96 lehte ja 192 lehek\u00fclge, nii et palju lehti parimate ideede \u00fclesm\u00e4rkimiseks. Loodud 80 gsm kreemjav\u00e4rvilise joonega paberist. See on v\u00e4ga oluline t\u00f6\u00f6\u00fclesannete\/meeldetuletuste kirjutamiseks ja professionaalsete m\u00e4rkmete tegemiseks t\u00f6\u00f6l toimuvatel koosolekutel. Pehme ja vastupidav PU-kate, millel on lihtsustatud must elastne horisontaalne sulgur, [&hellip;]<\/p>\n","protected":false},"featured_media":33662,"template":"","meta":{"_acf_changed":false},"product_brand":[],"product_cat":[606,605],"product_tag":[659],"class_list":{"0":"post-33623","1":"product","2":"type-product","3":"status-publish","4":"has-post-thumbnail","6":"product_cat-markmikud","7":"product_cat-markmikud-ja-mapid","8":"product_tag-more-colors","9":"pa_varv-must","10":"pa_varv-pruun","11":"pa_varv-sinine","13":"first","14":"instock","15":"taxable","16":"shipping-taxable","17":"purchasable","18":"product-type-variable","19":"has-default-attributes"},"acf":[],"_links":{"self":[{"href":"https:\/\/fifaa.ee\/en\/wp-json\/wp\/v2\/product\/33623","targetHints":{"allow":["GET"]}}],"collection":[{"href":"https:\/\/fifaa.ee\/en\/wp-json\/wp\/v2\/product"}],"about":[{"href":"https:\/\/fifaa.ee\/en\/wp-json\/wp\/v2\/types\/product"}],"wp:featuredmedia":[{"embeddable":true,"href":"https:\/\/fifaa.ee\/en\/wp-json\/wp\/v2\/media\/33662"}],"wp:attachment":[{"href":"https:\/\/fifaa.ee\/en\/wp-json\/wp\/v2\/media?parent=33623"}],"wp:term":[{"taxonomy":"product_brand","embeddable":true,"href":"https:\/\/fifaa.ee\/en\/wp-json\/wp\/v2\/product_brand?post=33623"},{"taxonomy":"product_cat","embeddable":true,"href":"https:\/\/fifaa.ee\/en\/wp-json\/wp\/v2\/product_cat?post=33623"},{"taxonomy":"product_tag","embeddable":true,"href":"https:\/\/fifaa.ee\/en\/wp-json\/wp\/v2\/product_tag?post=33623"}],"curies":[{"name":"wp","href":"https:\/\/api.w.org\/{rel}","templated":true}]}}