{"id":33671,"date":"2025-01-28T16:34:39","date_gmt":"2025-01-28T14:34:39","guid":{"rendered":"https:\/\/fifaa.ee\/?post_type=product&#038;p=33671"},"modified":"2025-11-21T10:08:26","modified_gmt":"2025-11-21T08:08:26","slug":"artic-magnetic-10w-juhtmevaba-laadimisega-a5-sulearvuti","status":"publish","type":"product","link":"https:\/\/fifaa.ee\/en\/product\/artic-magnetic-10w-juhtmevaba-laadimisega-a5-sulearvuti\/","title":{"rendered":"Artic Magnetic 10W wireless charging A5 notebook"},"content":{"rendered":"<p>Wirelessly charge your mobile device at full speed with this A5 PU notebook with integrated magnetic 10W wireless charger and 8000mAh power bank. Simply place your phone (iPhone 12 or later) on the wireless charger and the phone will align perfectly with the magnets inside. The 10W wireless charger is compatible with all QI devices (iPhone 8 and later and Android devices) Type-C input 9V\/2A; Wireless output 9V\/1.1A; Type-C output 9V\/2A. The notebook contains 64 sheets\/128 pages of 80gsm lined paper. With phone\/tablet pocket and pen loop. Integrated 19pcs high quality N52H heat resistant magnets. Registered design.<\/p>","protected":false},"excerpt":{"rendered":"<p>Laadige oma mobiilseadet juhtmevabalt t\u00e4iskiirusel selle A5 PU materjalist s\u00fclearvutiga, millel on integreeritud magnetiline 10 W juhtmeta laadija ja 8000 mAh akupank. Kinnitage telefon (iPhone 12 v\u00f5i uuem) juhtmevaba laadija k\u00fclge ja telefon joondub ideaalselt sees olevate magnetitega. 10 W juhtmevaba laadija \u00fchildub k\u00f5igi QI seadmetega (Iphone 8 ja uuemad ning Android seadmed) Type-C sisend [&hellip;]<\/p>\n","protected":false},"featured_media":33693,"template":"","meta":{"_acf_changed":false},"product_brand":[],"product_cat":[606,605],"product_tag":[],"class_list":{"0":"post-33671","1":"product","2":"type-product","3":"status-publish","4":"has-post-thumbnail","6":"product_cat-markmikud","7":"product_cat-markmikud-ja-mapid","8":"pa_varv-must","10":"first","11":"instock","12":"taxable","13":"shipping-taxable","14":"purchasable","15":"product-type-variable","16":"has-default-attributes"},"acf":[],"_links":{"self":[{"href":"https:\/\/fifaa.ee\/en\/wp-json\/wp\/v2\/product\/33671","targetHints":{"allow":["GET"]}}],"collection":[{"href":"https:\/\/fifaa.ee\/en\/wp-json\/wp\/v2\/product"}],"about":[{"href":"https:\/\/fifaa.ee\/en\/wp-json\/wp\/v2\/types\/product"}],"wp:featuredmedia":[{"embeddable":true,"href":"https:\/\/fifaa.ee\/en\/wp-json\/wp\/v2\/media\/33693"}],"wp:attachment":[{"href":"https:\/\/fifaa.ee\/en\/wp-json\/wp\/v2\/media?parent=33671"}],"wp:term":[{"taxonomy":"product_brand","embeddable":true,"href":"https:\/\/fifaa.ee\/en\/wp-json\/wp\/v2\/product_brand?post=33671"},{"taxonomy":"product_cat","embeddable":true,"href":"https:\/\/fifaa.ee\/en\/wp-json\/wp\/v2\/product_cat?post=33671"},{"taxonomy":"product_tag","embeddable":true,"href":"https:\/\/fifaa.ee\/en\/wp-json\/wp\/v2\/product_tag?post=33671"}],"curies":[{"name":"wp","href":"https:\/\/api.w.org\/{rel}","templated":true}]}}