{"id":33716,"date":"2025-01-28T16:34:59","date_gmt":"2025-01-28T14:34:59","guid":{"rendered":"https:\/\/fifaa.ee\/?post_type=product&#038;p=33716"},"modified":"2026-04-01T18:18:33","modified_gmt":"2026-04-01T15:18:33","slug":"impact-aware-a4-portfell-magnetsulguriga","status":"publish","type":"product","link":"https:\/\/fifaa.ee\/en\/product\/impact-aware-a4-portfell-magnetsulguriga\/","title":{"rendered":"Impact Aware\u2122 A4 portfolio with magnetic closure"},"content":{"rendered":"<p>Keep all your work essentials organised with this beautiful A4 Aware\u2122 RPET portfolio with magnetic closure. Inside you will find 1 large sleeve pocket, 2 additional pockets and a pen loop. Includes a notebook made from FSC recycled paper. The notebook contains 20 sheets of 70gsm recycled paper with a cream lining. 100% recycled polyester inside and out. AWARE\u2122 label, confirming the genuine use of recycled materials. Each portfolio contains 3.2 recycled 0.5L PET bottles. 2% of the proceeds from every Impact product sold is donated to Water.org. PVC free.<\/p>","protected":false},"excerpt":{"rendered":"<p>Selle kauni magnetsulguriga A4 Aware\u2122 RPET portfelli abil saate k\u00f5ik oma t\u00f6\u00f6ks vajalikud asjad korras hoida. Seest leiate 1 suure varrukatasku, 2 lisataskut ja pliiatsi aasa. Kaasa arvatud FSC taaskasutatud paberist m\u00e4rkmik. M\u00e4rkmik sisaldab 20 lehte kreemika v\u00e4rvi voodriga 70gm\/s taaskasutatud paberit. Seest ja v\u00e4ljast 100% taaskasutatud pol\u00fcester. AWARE\u2122 m\u00e4rgistusega, mis kinnitab taaskasutatud materjalide ehtsat [&hellip;]<\/p>\n","protected":false},"featured_media":33737,"template":"","meta":{"_acf_changed":false},"product_brand":[],"product_cat":[607,605],"product_tag":[659],"class_list":{"0":"post-33716","1":"product","2":"type-product","3":"status-publish","4":"has-post-thumbnail","6":"product_cat-mapid","7":"product_cat-markmikud-ja-mapid","8":"product_tag-more-colors","9":"pa_varv-must","10":"pa_varv-roheline","11":"pa_varv-sinine","13":"first","14":"instock","15":"taxable","16":"shipping-taxable","17":"purchasable","18":"product-type-variable","19":"has-default-attributes"},"acf":[],"_links":{"self":[{"href":"https:\/\/fifaa.ee\/en\/wp-json\/wp\/v2\/product\/33716","targetHints":{"allow":["GET"]}}],"collection":[{"href":"https:\/\/fifaa.ee\/en\/wp-json\/wp\/v2\/product"}],"about":[{"href":"https:\/\/fifaa.ee\/en\/wp-json\/wp\/v2\/types\/product"}],"wp:featuredmedia":[{"embeddable":true,"href":"https:\/\/fifaa.ee\/en\/wp-json\/wp\/v2\/media\/33737"}],"wp:attachment":[{"href":"https:\/\/fifaa.ee\/en\/wp-json\/wp\/v2\/media?parent=33716"}],"wp:term":[{"taxonomy":"product_brand","embeddable":true,"href":"https:\/\/fifaa.ee\/en\/wp-json\/wp\/v2\/product_brand?post=33716"},{"taxonomy":"product_cat","embeddable":true,"href":"https:\/\/fifaa.ee\/en\/wp-json\/wp\/v2\/product_cat?post=33716"},{"taxonomy":"product_tag","embeddable":true,"href":"https:\/\/fifaa.ee\/en\/wp-json\/wp\/v2\/product_tag?post=33716"}],"curies":[{"name":"wp","href":"https:\/\/api.w.org\/{rel}","templated":true}]}}