{"id":33717,"date":"2025-01-28T16:34:59","date_gmt":"2025-01-28T14:34:59","guid":{"rendered":"https:\/\/fifaa.ee\/?post_type=product&#038;p=33717"},"modified":"2026-04-01T18:18:33","modified_gmt":"2026-04-01T15:18:33","slug":"impact-aware-a5-magnetsulguriga-sulearvuti","status":"publish","type":"product","link":"https:\/\/fifaa.ee\/en\/product\/impact-aware-a5-magnetsulguriga-sulearvuti\/","title":{"rendered":"Impact Aware\u2122 A5 notebook with magnetic closure"},"content":{"rendered":"<p>Keep all your work essentials organised in this beautiful A5 Aware\u2122 RPET portfolio. Inside the portfolio you will find a matching notebook. The notebook contains 64 sheets\/128 sheets of cream-coloured lined 80gsm paper. Inside you will find 1 large sleeve pocket, 2 card slots and a pen loop. Magnetic closure. AWARE\u2122 label, confirming the genuine use of recycled materials. Each portfolio contains 6.5 recycled 0.5L PET bottles. 2% of the proceeds from every Impact product sold is donated to Water.org. PVC free.<\/p>","protected":false},"excerpt":{"rendered":"<p>Hoidke k\u00f5ik oma t\u00f6\u00f6ks vajalikud asjad korras selles kaunis A5 Aware\u2122 RPET-portfellis. Portfoolio seest leiate sobiva m\u00e4rkmiku. M\u00e4rkmik sisaldab 64 lehte\/128 lehte kreemjav\u00e4rvilise joonega 80gm\/s paberit. Seest leiate 1 suure varrukatasku, 2 kaardipesa ja pliiatsi aasa. Magnetiline sulgur. AWARE\u2122 m\u00e4rgistusega, mis kinnitab taaskasutatud materjalide ehtsat kasutamist. Igas portfellis on taaskasutatud 6,5 0,5L PET-pudelit. 2% iga [&hellip;]<\/p>\n","protected":false},"featured_media":33743,"template":"","meta":{"_acf_changed":false},"product_brand":[],"product_cat":[607,605],"product_tag":[659],"class_list":{"0":"post-33717","1":"product","2":"type-product","3":"status-publish","4":"has-post-thumbnail","6":"product_cat-mapid","7":"product_cat-markmikud-ja-mapid","8":"product_tag-more-colors","9":"pa_varv-roheline","10":"pa_varv-sinine","12":"first","13":"instock","14":"taxable","15":"shipping-taxable","16":"purchasable","17":"product-type-variable","18":"has-default-attributes"},"acf":[],"_links":{"self":[{"href":"https:\/\/fifaa.ee\/en\/wp-json\/wp\/v2\/product\/33717","targetHints":{"allow":["GET"]}}],"collection":[{"href":"https:\/\/fifaa.ee\/en\/wp-json\/wp\/v2\/product"}],"about":[{"href":"https:\/\/fifaa.ee\/en\/wp-json\/wp\/v2\/types\/product"}],"wp:featuredmedia":[{"embeddable":true,"href":"https:\/\/fifaa.ee\/en\/wp-json\/wp\/v2\/media\/33743"}],"wp:attachment":[{"href":"https:\/\/fifaa.ee\/en\/wp-json\/wp\/v2\/media?parent=33717"}],"wp:term":[{"taxonomy":"product_brand","embeddable":true,"href":"https:\/\/fifaa.ee\/en\/wp-json\/wp\/v2\/product_brand?post=33717"},{"taxonomy":"product_cat","embeddable":true,"href":"https:\/\/fifaa.ee\/en\/wp-json\/wp\/v2\/product_cat?post=33717"},{"taxonomy":"product_tag","embeddable":true,"href":"https:\/\/fifaa.ee\/en\/wp-json\/wp\/v2\/product_tag?post=33717"}],"curies":[{"name":"wp","href":"https:\/\/api.w.org\/{rel}","templated":true}]}}