{"id":33718,"date":"2025-01-28T16:34:59","date_gmt":"2025-01-28T14:34:59","guid":{"rendered":"https:\/\/fifaa.ee\/?post_type=product&#038;p=33718"},"modified":"2026-04-01T18:19:05","modified_gmt":"2026-04-01T15:19:05","slug":"impact-aware-luksuslik-300d-tomblukuga-tehniline-portfell","status":"publish","type":"product","link":"https:\/\/fifaa.ee\/en\/product\/impact-aware-luksuslik-300d-tomblukuga-tehniline-portfell\/","title":{"rendered":"Impact Aware\u2122 deluxe 300D tech portfolio with zipper"},"content":{"rendered":"<p>This A4 Impact AWARE\u2122 luxury 300D technical portfolio with zipper adds a touch of sophistication to your work. Keep your important documents, maps and notes together. Inside the A4 portfolio you will find a lined 64g\/2 recycled paper notebook with 20 pages. Inside there is 1 phone pocket, phone holder, pen loop and 2 business card slots. AWARE\u2122 label, confirming the genuine use of recycled materials. Each portfolio contains 8 recycled 0.5L PET bottles. 2% of the proceeds from every Impact product sold is donated to Water.org. PVC free.<\/p>","protected":false},"excerpt":{"rendered":"<p>See t\u00f5mblukuga A4 Impact AWARE\u2122 luksuslik 300D tehniline portfell lisab teie t\u00f6\u00f6le veidi rafineeritumat. Hoidke oma olulised dokumendid, kaardid ja m\u00e4rkmed koos. A4 portfelli seest leiate vooderdatud 64 g\/2 \u00fcmbert\u00f6\u00f6deldud paberist m\u00e4rkmiku, mis sisaldab 20 lehek\u00fclge. Sees on 1 telefonisuuruses tasku, telefonihoidja, pliiatsi aas ja 2 visiitkaardipesa. AWARE\u2122 m\u00e4rgistusega, mis kinnitab taaskasutatud materjalide ehtsat kasutamist. [&hellip;]<\/p>\n","protected":false},"featured_media":33747,"template":"","meta":{"_acf_changed":false},"product_brand":[],"product_cat":[605],"product_tag":[659],"class_list":{"0":"post-33718","1":"product","2":"type-product","3":"status-publish","4":"has-post-thumbnail","6":"product_cat-markmikud-ja-mapid","7":"product_tag-more-colors","8":"pa_varv-must","9":"pa_varv-roheline","10":"pa_varv-sinine","12":"first","13":"instock","14":"taxable","15":"shipping-taxable","16":"purchasable","17":"product-type-variable","18":"has-default-attributes"},"acf":[],"_links":{"self":[{"href":"https:\/\/fifaa.ee\/en\/wp-json\/wp\/v2\/product\/33718","targetHints":{"allow":["GET"]}}],"collection":[{"href":"https:\/\/fifaa.ee\/en\/wp-json\/wp\/v2\/product"}],"about":[{"href":"https:\/\/fifaa.ee\/en\/wp-json\/wp\/v2\/types\/product"}],"wp:featuredmedia":[{"embeddable":true,"href":"https:\/\/fifaa.ee\/en\/wp-json\/wp\/v2\/media\/33747"}],"wp:attachment":[{"href":"https:\/\/fifaa.ee\/en\/wp-json\/wp\/v2\/media?parent=33718"}],"wp:term":[{"taxonomy":"product_brand","embeddable":true,"href":"https:\/\/fifaa.ee\/en\/wp-json\/wp\/v2\/product_brand?post=33718"},{"taxonomy":"product_cat","embeddable":true,"href":"https:\/\/fifaa.ee\/en\/wp-json\/wp\/v2\/product_cat?post=33718"},{"taxonomy":"product_tag","embeddable":true,"href":"https:\/\/fifaa.ee\/en\/wp-json\/wp\/v2\/product_tag?post=33718"}],"curies":[{"name":"wp","href":"https:\/\/api.w.org\/{rel}","templated":true}]}}