{"id":33719,"date":"2025-01-28T16:34:59","date_gmt":"2025-01-28T14:34:59","guid":{"rendered":"https:\/\/fifaa.ee\/?post_type=product&#038;p=33719"},"modified":"2026-04-01T18:19:28","modified_gmt":"2026-04-01T15:19:28","slug":"tomblukuga-rcs-rpu-luksuslik-tehniline-portfell","status":"publish","type":"product","link":"https:\/\/fifaa.ee\/en\/product\/tomblukuga-rcs-rpu-luksuslik-tehniline-portfell\/","title":{"rendered":"RCS rPU deluxe tech portfolio with zipper"},"content":{"rendered":"<p>This beautiful zipped RCS rPU deluxe technical portfolio is made from RCS (Recycled Claim Standard) certified recycled materials. The RCS certification ensures a fully certified supply chain for recycled materials. The smooth luxurious surface gives the portfolio a chic look. Inside the A4 portfolio you will find a lined 64 g\/2 recycled paper notebook with 20 pages. Inside there is 1 phone pocket, phone holder, pen loop and 2 business card slots. Made from 100% recycled RCS certified recycled PU. Total recycled content: 14% of the total weight of the item. PVC free.<\/p>","protected":false},"excerpt":{"rendered":"<p>See kaunis t\u00f5mblukuga RCS rPU deluxe tehniline portfell on valmistatud RCS (Recycled Claim Standard) sertifitseeritud taaskasutatud materjalidest. RCS-sertifikaat tagab taaskasutatud materjalide t\u00e4ielikult sertifitseeritud tarneahela. Sile luksuslik pind annab portfellile \u0161iki v\u00e4limuse. A4 portfelli seest leiate vooderdatud 64 g\/2 \u00fcmbert\u00f6\u00f6deldud paberist m\u00e4rkmiku, mis sisaldab 20 lehek\u00fclge. Sees on 1 telefonisuuruses tasku, telefonihoidik, pliiatsi aas ja 2 [&hellip;]<\/p>\n","protected":false},"featured_media":33753,"template":"","meta":{"_acf_changed":false},"product_brand":[],"product_cat":[607,605],"product_tag":[],"class_list":{"0":"post-33719","1":"product","2":"type-product","3":"status-publish","4":"has-post-thumbnail","6":"product_cat-mapid","7":"product_cat-markmikud-ja-mapid","8":"pa_varv-must","10":"first","11":"instock","12":"taxable","13":"shipping-taxable","14":"purchasable","15":"product-type-variable","16":"has-default-attributes"},"acf":[],"_links":{"self":[{"href":"https:\/\/fifaa.ee\/en\/wp-json\/wp\/v2\/product\/33719","targetHints":{"allow":["GET"]}}],"collection":[{"href":"https:\/\/fifaa.ee\/en\/wp-json\/wp\/v2\/product"}],"about":[{"href":"https:\/\/fifaa.ee\/en\/wp-json\/wp\/v2\/types\/product"}],"wp:featuredmedia":[{"embeddable":true,"href":"https:\/\/fifaa.ee\/en\/wp-json\/wp\/v2\/media\/33753"}],"wp:attachment":[{"href":"https:\/\/fifaa.ee\/en\/wp-json\/wp\/v2\/media?parent=33719"}],"wp:term":[{"taxonomy":"product_brand","embeddable":true,"href":"https:\/\/fifaa.ee\/en\/wp-json\/wp\/v2\/product_brand?post=33719"},{"taxonomy":"product_cat","embeddable":true,"href":"https:\/\/fifaa.ee\/en\/wp-json\/wp\/v2\/product_cat?post=33719"},{"taxonomy":"product_tag","embeddable":true,"href":"https:\/\/fifaa.ee\/en\/wp-json\/wp\/v2\/product_tag?post=33719"}],"curies":[{"name":"wp","href":"https:\/\/api.w.org\/{rel}","templated":true}]}}