{"id":33720,"date":"2025-01-28T16:34:59","date_gmt":"2025-01-28T14:34:59","guid":{"rendered":"https:\/\/fifaa.ee\/?post_type=product&#038;p=33720"},"modified":"2026-04-01T18:19:28","modified_gmt":"2026-04-01T15:19:28","slug":"tomblukuga-swiss-peak-heritage-rcs-rpu-a4-portfell","status":"publish","type":"product","link":"https:\/\/fifaa.ee\/en\/product\/tomblukuga-swiss-peak-heritage-rcs-rpu-a4-portfell\/","title":{"rendered":"Swiss Peak Heritage RCS rPU A4 portfolio with zipper"},"content":{"rendered":"<p>The Swiss Peak Heritage collection speaks the language of modern elegance. Presented in iconic Italian recycled PU and zip closure. Inside features a tablet\/phone stand, gadget holders, business card slots, sleeves for notes and papers and a pen loop. Lined with 20 sheets of A4 stone paper notebook. The portfolio is made from RCS (Recycled Claim Standard) certified recycled materials. The RCS certification ensures a fully certified supply chain for recycled materials. Made from 100% recycled RCS certified recycled PU. Total recycled content: 9% of the total weight of the item. PVC free.<\/p>","protected":false},"excerpt":{"rendered":"<p>Swiss Peak Heritage kollektsioon r\u00e4\u00e4gib kaasaegse elegantsi keeles. Esitatakse ikoonilises Itaalia taaskasutatud PU-kattes ja t\u00f5mblukuga. Sees on tahvelarvuti\/telefoni alus, vidinahoidikud, visiitkaartide pesad, varrukad m\u00e4rkmete ja paberite jaoks ning pliiatsi aas. Voodriga 20 lehte A4 kivipaberist m\u00e4rkmikuga. portfell on valmistatud RCS (Recycled Claim Standard) sertifitseeritud taaskasutatud materjalidest. RCS-sertifikaat tagab taaskasutatud materjalide t\u00e4ielikult sertifitseeritud tarneahela. Valmistatud 100% [&hellip;]<\/p>\n","protected":false},"featured_media":33755,"template":"","meta":{"_acf_changed":false},"product_brand":[],"product_cat":[605],"product_tag":[],"class_list":{"0":"post-33720","1":"product","2":"type-product","3":"status-publish","4":"has-post-thumbnail","6":"product_cat-markmikud-ja-mapid","7":"pa_varv-must","9":"first","10":"instock","11":"taxable","12":"shipping-taxable","13":"purchasable","14":"product-type-variable","15":"has-default-attributes"},"acf":[],"_links":{"self":[{"href":"https:\/\/fifaa.ee\/en\/wp-json\/wp\/v2\/product\/33720","targetHints":{"allow":["GET"]}}],"collection":[{"href":"https:\/\/fifaa.ee\/en\/wp-json\/wp\/v2\/product"}],"about":[{"href":"https:\/\/fifaa.ee\/en\/wp-json\/wp\/v2\/types\/product"}],"wp:featuredmedia":[{"embeddable":true,"href":"https:\/\/fifaa.ee\/en\/wp-json\/wp\/v2\/media\/33755"}],"wp:attachment":[{"href":"https:\/\/fifaa.ee\/en\/wp-json\/wp\/v2\/media?parent=33720"}],"wp:term":[{"taxonomy":"product_brand","embeddable":true,"href":"https:\/\/fifaa.ee\/en\/wp-json\/wp\/v2\/product_brand?post=33720"},{"taxonomy":"product_cat","embeddable":true,"href":"https:\/\/fifaa.ee\/en\/wp-json\/wp\/v2\/product_cat?post=33720"},{"taxonomy":"product_tag","embeddable":true,"href":"https:\/\/fifaa.ee\/en\/wp-json\/wp\/v2\/product_tag?post=33720"}],"curies":[{"name":"wp","href":"https:\/\/api.w.org\/{rel}","templated":true}]}}