{"id":33721,"date":"2025-01-28T16:34:59","date_gmt":"2025-01-28T14:34:59","guid":{"rendered":"https:\/\/fifaa.ee\/?post_type=product&#038;p=33721"},"modified":"2026-04-01T18:19:28","modified_gmt":"2026-04-01T15:19:28","slug":"swiss-peak-heritage-rcs-rpu-a5-kivipaberi-portfell","status":"publish","type":"product","link":"https:\/\/fifaa.ee\/en\/product\/swiss-peak-heritage-rcs-rpu-a5-kivipaberi-portfell\/","title":{"rendered":"Swiss Peak Heritage RCS rPU A5 stone paper portfolio"},"content":{"rendered":"<p>The Swiss Peak Heritage collection speaks the language of modern elegance. Presented in iconic Italian recycled PU cover and zip closure. Inside features 2 business card slots, a pocket for notes and papers and a pen loop. Lined with a 64-sheet\/128-page A5 stone paper notebook. Made from RCS (Recycled Claim Standard) certified recycled materials. RCS certification ensures a fully certified supply chain for recycled materials. Made from 100% recycled RCS certified recycled PU. Total recycled content: 14% of total item weight. PVC free.<\/p>","protected":false},"excerpt":{"rendered":"<p>Swiss Peak Heritage kollektsioon r\u00e4\u00e4gib kaasaegse elegantsi keeles. Esitatakse ikoonilises Itaalia taaskasutatud PU-kattes ja t\u00f5mblukuga. Sees on 2 visiitkaardipesa, \u00fcmbris m\u00e4rkmete ja paberite jaoks ning pliiatsi aas. Vooderdatud 64 lehte\/128 lk A5 kivipaberist m\u00e4rkmikuga. Valmistatud RCS (Recycled Claim Standard) sertifitseeritud taaskasutatud materjalidest. RCS-sertifikaat tagab taaskasutatud materjalide t\u00e4ielikult sertifitseeritud tarneahela. Valmistatud 100% taaskasutatud RCS-sertifikaadiga taaskasutatud PU-st. [&hellip;]<\/p>\n","protected":false},"featured_media":33757,"template":"","meta":{"_acf_changed":false},"product_brand":[],"product_cat":[607,605],"product_tag":[],"class_list":{"0":"post-33721","1":"product","2":"type-product","3":"status-publish","4":"has-post-thumbnail","6":"product_cat-mapid","7":"product_cat-markmikud-ja-mapid","8":"pa_varv-must","10":"first","11":"instock","12":"taxable","13":"shipping-taxable","14":"purchasable","15":"product-type-variable","16":"has-default-attributes"},"acf":[],"_links":{"self":[{"href":"https:\/\/fifaa.ee\/en\/wp-json\/wp\/v2\/product\/33721","targetHints":{"allow":["GET"]}}],"collection":[{"href":"https:\/\/fifaa.ee\/en\/wp-json\/wp\/v2\/product"}],"about":[{"href":"https:\/\/fifaa.ee\/en\/wp-json\/wp\/v2\/types\/product"}],"wp:featuredmedia":[{"embeddable":true,"href":"https:\/\/fifaa.ee\/en\/wp-json\/wp\/v2\/media\/33757"}],"wp:attachment":[{"href":"https:\/\/fifaa.ee\/en\/wp-json\/wp\/v2\/media?parent=33721"}],"wp:term":[{"taxonomy":"product_brand","embeddable":true,"href":"https:\/\/fifaa.ee\/en\/wp-json\/wp\/v2\/product_brand?post=33721"},{"taxonomy":"product_cat","embeddable":true,"href":"https:\/\/fifaa.ee\/en\/wp-json\/wp\/v2\/product_cat?post=33721"},{"taxonomy":"product_tag","embeddable":true,"href":"https:\/\/fifaa.ee\/en\/wp-json\/wp\/v2\/product_tag?post=33721"}],"curies":[{"name":"wp","href":"https:\/\/api.w.org\/{rel}","templated":true}]}}