{"id":33765,"date":"2025-01-28T16:35:19","date_gmt":"2025-01-28T14:35:19","guid":{"rendered":"https:\/\/fifaa.ee\/?post_type=product&#038;p=33765"},"modified":"2026-04-01T18:20:39","modified_gmt":"2026-04-01T15:20:39","slug":"bambusest-markmik-ja-lopmatuse-pliiatsikomplekt","status":"publish","type":"product","link":"https:\/\/fifaa.ee\/en\/product\/bambusest-markmik-ja-lopmatuse-pliiatsikomplekt\/","title":{"rendered":"Bamboo notebook and infinity pencil set"},"content":{"rendered":"<p>This beautiful FSC\u00ae certified bamboo notebook is made from sustainable bamboo and contains 80 sheets\/160 pages of 70 gsm recycled paper. The set includes an infinity pen that lasts longer than 100 pens! It has a writing length of up to approximately 20,000 meters using a graphite line with a graphite tip. Not only does it write like a pencil, but the marks are also erasable. In an FSC\u00ae kraft gift box with FSC\u00ae certified bamboo.<\/p>","protected":false},"excerpt":{"rendered":"<p>See kaunis FSC\u00ae-i sertifikaadiga bambusm\u00e4rkmik on valmistatud s\u00e4\u00e4stvast bambusest ja sisaldab 80 lehte\/160 lehek\u00fclge 70 gsm \u00fcmbert\u00f6\u00f6deldud paberit. Komplekt sisaldab l\u00f5pmatuse pliiatsit, mis kestab kauem kui 100 pliiatsit! Selle kirjutamispikkus on kuni umbes 20 000 meetrit, kasutades grafiitjoont grafiitotsa abil. See mitte ainult ei kirjuta nagu pliiats, vaid ka m\u00e4rgiseid saab kustutada. FSC\u00ae sertifitseeritud bambusega [&hellip;]<\/p>\n","protected":false},"featured_media":33791,"template":"","meta":{"_acf_changed":false},"product_brand":[],"product_cat":[606,605],"product_tag":[],"class_list":{"0":"post-33765","1":"product","2":"type-product","3":"status-publish","4":"has-post-thumbnail","6":"product_cat-markmikud","7":"product_cat-markmikud-ja-mapid","8":"pa_varv-pruun","10":"first","11":"instock","12":"taxable","13":"shipping-taxable","14":"purchasable","15":"product-type-variable","16":"has-default-attributes"},"acf":[],"_links":{"self":[{"href":"https:\/\/fifaa.ee\/en\/wp-json\/wp\/v2\/product\/33765","targetHints":{"allow":["GET"]}}],"collection":[{"href":"https:\/\/fifaa.ee\/en\/wp-json\/wp\/v2\/product"}],"about":[{"href":"https:\/\/fifaa.ee\/en\/wp-json\/wp\/v2\/types\/product"}],"wp:featuredmedia":[{"embeddable":true,"href":"https:\/\/fifaa.ee\/en\/wp-json\/wp\/v2\/media\/33791"}],"wp:attachment":[{"href":"https:\/\/fifaa.ee\/en\/wp-json\/wp\/v2\/media?parent=33765"}],"wp:term":[{"taxonomy":"product_brand","embeddable":true,"href":"https:\/\/fifaa.ee\/en\/wp-json\/wp\/v2\/product_brand?post=33765"},{"taxonomy":"product_cat","embeddable":true,"href":"https:\/\/fifaa.ee\/en\/wp-json\/wp\/v2\/product_cat?post=33765"},{"taxonomy":"product_tag","embeddable":true,"href":"https:\/\/fifaa.ee\/en\/wp-json\/wp\/v2\/product_tag?post=33765"}],"curies":[{"name":"wp","href":"https:\/\/api.w.org\/{rel}","templated":true}]}}