{"id":33768,"date":"2025-01-28T16:35:19","date_gmt":"2025-01-28T14:35:19","guid":{"rendered":"https:\/\/fifaa.ee\/?post_type=product&#038;p=33768"},"modified":"2026-04-01T18:21:29","modified_gmt":"2026-04-01T15:21:29","slug":"swiss-peak-script-aware-a4-portfell","status":"publish","type":"product","link":"https:\/\/fifaa.ee\/en\/product\/swiss-peak-script-aware-a4-portfell\/","title":{"rendered":"Swiss Peak Script AWARE\u2122 A4 Portfolio"},"content":{"rendered":"<p>Made from 100% AWARE 300D recycled polyester and RCS-certified recycled PU, this portfolio combines style and low impact. It features business card slots, a pen loop and a spacious A4 pocket. Stay organised with a refillable A4 lined notebook (20 pages 70 g\/m\u00b2) made from FSC\u00ae mix cream paper. Experience sophistication with a conscience. Made from 100% recycled polyester with the AWARE\u2122 label. Packaged in an FSC\u00ae gift box.<\/p>","protected":false},"excerpt":{"rendered":"<p>100% AWARE 300D taaskasutatud pol\u00fcestrist ja RCS-sertifikaadiga taaskasutatud PU-st valmistatud portfell \u00fchendab stiili ja v\u00e4hese m\u00f5ju. Sellel on visiitkaardipesad, pliiatsi aas ja mahukas A4-formaadis tasku. P\u00fcsige organiseeritud korduvt\u00e4idetava A4 vooderdatud m\u00e4rkmikuga (20 lehek\u00fclge 70 g\/m\u00b2), mis on valmistatud FSC\u00ae mix-kreemipaberist. Kogege rafineeritust s\u00fcdametunnistusega. Valmistatud 100% taaskasutatud pol\u00fcestrist, millele on lisatud AWARE\u2122 m\u00e4rgistus. Pakitud FSC\u00ae kinkekarpi.<\/p>","protected":false},"featured_media":33807,"template":"","meta":{"_acf_changed":false},"product_brand":[],"product_cat":[607,605],"product_tag":[],"class_list":{"0":"post-33768","1":"product","2":"type-product","3":"status-publish","4":"has-post-thumbnail","6":"product_cat-mapid","7":"product_cat-markmikud-ja-mapid","8":"pa_varv-must","10":"first","11":"instock","12":"taxable","13":"shipping-taxable","14":"purchasable","15":"product-type-variable","16":"has-default-attributes"},"acf":[],"_links":{"self":[{"href":"https:\/\/fifaa.ee\/en\/wp-json\/wp\/v2\/product\/33768","targetHints":{"allow":["GET"]}}],"collection":[{"href":"https:\/\/fifaa.ee\/en\/wp-json\/wp\/v2\/product"}],"about":[{"href":"https:\/\/fifaa.ee\/en\/wp-json\/wp\/v2\/types\/product"}],"wp:featuredmedia":[{"embeddable":true,"href":"https:\/\/fifaa.ee\/en\/wp-json\/wp\/v2\/media\/33807"}],"wp:attachment":[{"href":"https:\/\/fifaa.ee\/en\/wp-json\/wp\/v2\/media?parent=33768"}],"wp:term":[{"taxonomy":"product_brand","embeddable":true,"href":"https:\/\/fifaa.ee\/en\/wp-json\/wp\/v2\/product_brand?post=33768"},{"taxonomy":"product_cat","embeddable":true,"href":"https:\/\/fifaa.ee\/en\/wp-json\/wp\/v2\/product_cat?post=33768"},{"taxonomy":"product_tag","embeddable":true,"href":"https:\/\/fifaa.ee\/en\/wp-json\/wp\/v2\/product_tag?post=33768"}],"curies":[{"name":"wp","href":"https:\/\/api.w.org\/{rel}","templated":true}]}}