{"id":33812,"date":"2025-01-28T16:35:41","date_gmt":"2025-01-28T14:35:41","guid":{"rendered":"https:\/\/fifaa.ee\/?post_type=product&#038;p=33812"},"modified":"2026-04-01T18:21:51","modified_gmt":"2026-04-01T15:21:51","slug":"scribe-bambusest-a5-markmik","status":"publish","type":"product","link":"https:\/\/fifaa.ee\/en\/product\/scribe-bambusest-a5-markmik\/","title":{"rendered":"Scribe bamboo A5 Notebook"},"content":{"rendered":"<p>The Scribe Bamboo Notebook is perfect for all your writing needs. With a stylish bamboo cover and high-quality paper, it is designed to last and protect your notes. It contains 80 grams of lined cream-colored FSC\u00ae certified paper. With 80 sheets of paper (160 pages), you have plenty of space to write. The colors, texture and curls of the bamboo cover notebook may vary. This is due to the natural properties of the bamboo material.<\/p>","protected":false},"excerpt":{"rendered":"<p>Scribe&#8217;i bambusest m\u00e4rkmik sobib suurep\u00e4raselt k\u00f5igi teie kirjutamisvajaduste jaoks. Stiilse bambusest ja kvaliteetsest paberist vastupidava pehme kaanega see on loodud kestma ja kaitsma teie m\u00e4rkmeid. Sisaldab 80 grammi vooderdatud kreemjav\u00e4rvilist FSC\u00ae sertifikaadiga paberit. 80 paberilehega (160 lehek\u00fclge) on teil kirjutamiseks palju ruumi. Bambusest kaanega m\u00e4rkmiku v\u00e4rvid, tekstuur ja lokid v\u00f5ivad varieeruda. Selle p\u00f5hjuseks on bambusmaterjali [&hellip;]<\/p>\n","protected":false},"featured_media":33826,"template":"","meta":{"_acf_changed":false},"product_brand":[],"product_cat":[606,605],"product_tag":[659],"class_list":{"0":"post-33812","1":"product","2":"type-product","3":"status-publish","4":"has-post-thumbnail","6":"product_cat-markmikud","7":"product_cat-markmikud-ja-mapid","8":"product_tag-more-colors","9":"pa_varv-must","10":"pa_varv-pruun","11":"pa_varv-roheline","12":"pa_varv-sinine","14":"first","15":"instock","16":"taxable","17":"shipping-taxable","18":"purchasable","19":"product-type-variable","20":"has-default-attributes"},"acf":[],"_links":{"self":[{"href":"https:\/\/fifaa.ee\/en\/wp-json\/wp\/v2\/product\/33812","targetHints":{"allow":["GET"]}}],"collection":[{"href":"https:\/\/fifaa.ee\/en\/wp-json\/wp\/v2\/product"}],"about":[{"href":"https:\/\/fifaa.ee\/en\/wp-json\/wp\/v2\/types\/product"}],"wp:featuredmedia":[{"embeddable":true,"href":"https:\/\/fifaa.ee\/en\/wp-json\/wp\/v2\/media\/33826"}],"wp:attachment":[{"href":"https:\/\/fifaa.ee\/en\/wp-json\/wp\/v2\/media?parent=33812"}],"wp:term":[{"taxonomy":"product_brand","embeddable":true,"href":"https:\/\/fifaa.ee\/en\/wp-json\/wp\/v2\/product_brand?post=33812"},{"taxonomy":"product_cat","embeddable":true,"href":"https:\/\/fifaa.ee\/en\/wp-json\/wp\/v2\/product_cat?post=33812"},{"taxonomy":"product_tag","embeddable":true,"href":"https:\/\/fifaa.ee\/en\/wp-json\/wp\/v2\/product_tag?post=33812"}],"curies":[{"name":"wp","href":"https:\/\/api.w.org\/{rel}","templated":true}]}}