{"id":33861,"date":"2025-01-28T16:36:07","date_gmt":"2025-01-28T14:36:07","guid":{"rendered":"https:\/\/fifaa.ee\/?post_type=product&#038;p=33861"},"modified":"2026-04-01T18:23:05","modified_gmt":"2026-04-01T15:23:05","slug":"elowen-a5-puuvaba-markmik","status":"publish","type":"product","link":"https:\/\/fifaa.ee\/en\/product\/elowen-a5-puuvaba-markmik\/","title":{"rendered":"Elowen A5 tree free notebook"},"content":{"rendered":"<p>The Elowen A5 Tree-Free notebook is perfect for capturing your thoughts and inspiration. Its cover is made of sugarcane paper, while the inner pages are a mix of stone, bamboo and sugarcane paper. There are 24 sheets\/48 pages of each paper type, each with a ruled layout that provides plenty of space for your ideas. The notebook has both white and brown pages and is in a softcover design, packaged in an FSC\u00ae kraft sleeve. The color, texture and curl of the sugarcane cover notebook may vary. This is due to the natural properties of the material.<\/p>","protected":false},"excerpt":{"rendered":"<p>Elowen A5 Tree-Free s\u00fclearvuti sobib suurep\u00e4raselt oma m\u00f5tete ja inspiratsiooni j\u00e4\u00e4dvustamiseks. Selle kaas on valmistatud suhkruroopaberist, sisemised lehed on aga kivi-, bambuse- ja suhkruroopaberi segu. Iga paberit\u00fc\u00fcbi kohta on 24 lehte\/48 lehek\u00fclge, millest iga\u00fchel on jooneline paigutus, mis pakub teie ideedele piisavalt ruumi. S\u00fclearvutil on nii valged kui ka pruunid lehed ning see on pehmekaanelise [&hellip;]<\/p>\n","protected":false},"featured_media":33878,"template":"","meta":{"_acf_changed":false},"product_brand":[],"product_cat":[606,605],"product_tag":[],"class_list":{"0":"post-33861","1":"product","2":"type-product","3":"status-publish","4":"has-post-thumbnail","6":"product_cat-markmikud","7":"product_cat-markmikud-ja-mapid","8":"pa_varv-pruun","10":"first","11":"instock","12":"taxable","13":"shipping-taxable","14":"purchasable","15":"product-type-variable","16":"has-default-attributes"},"acf":[],"_links":{"self":[{"href":"https:\/\/fifaa.ee\/en\/wp-json\/wp\/v2\/product\/33861","targetHints":{"allow":["GET"]}}],"collection":[{"href":"https:\/\/fifaa.ee\/en\/wp-json\/wp\/v2\/product"}],"about":[{"href":"https:\/\/fifaa.ee\/en\/wp-json\/wp\/v2\/types\/product"}],"wp:featuredmedia":[{"embeddable":true,"href":"https:\/\/fifaa.ee\/en\/wp-json\/wp\/v2\/media\/33878"}],"wp:attachment":[{"href":"https:\/\/fifaa.ee\/en\/wp-json\/wp\/v2\/media?parent=33861"}],"wp:term":[{"taxonomy":"product_brand","embeddable":true,"href":"https:\/\/fifaa.ee\/en\/wp-json\/wp\/v2\/product_brand?post=33861"},{"taxonomy":"product_cat","embeddable":true,"href":"https:\/\/fifaa.ee\/en\/wp-json\/wp\/v2\/product_cat?post=33861"},{"taxonomy":"product_tag","embeddable":true,"href":"https:\/\/fifaa.ee\/en\/wp-json\/wp\/v2\/product_tag?post=33861"}],"curies":[{"name":"wp","href":"https:\/\/api.w.org\/{rel}","templated":true}]}}