{"id":33868,"date":"2025-01-28T16:36:07","date_gmt":"2025-01-28T14:36:07","guid":{"rendered":"https:\/\/fifaa.ee\/?post_type=product&#038;p=33868"},"modified":"2026-04-01T18:23:25","modified_gmt":"2026-04-01T15:23:25","slug":"impact-aware-rpet-156-tolline-sulearvuti-umbris","status":"publish","type":"product","link":"https:\/\/fifaa.ee\/en\/product\/impact-aware-rpet-156-tolline-sulearvuti-umbris\/","title":{"rendered":"Impact AWARE\u2122 RPET 15.6\u2032 laptop sleeve"},"content":{"rendered":"<p>A true story of sustainability! AWARE\u2122 uses disruptive physical footprinting and blockchain technology to ensure the use of genuine recycled fabric materials and water reduction claims. Save water and use genuine recycled fabrics. When you choose this product, you save 10 liters of water and 16 plastic bottles are recycled. With a focus on water, 2% of the proceeds from every Impact product sold is donated to Water.org. Keep your laptop well-protected in style with the AWARE\u2122 15.6&quot; Laptop Sleeve. This modern sleeve has a streamlined design and is padded for a secure fit. The AWARE\u2122 15.6&quot; Laptop Sleeve can be used alone or easily slipped in and out. The front zippered pocket has 2 sleeve pockets and 2 pen loops. 100% recycled polyester with AWARE\u2122 branding inside and out. PVC free. Impact savings based on reliable LCA data from the Textile Exchange.<\/p>","protected":false},"excerpt":{"rendered":"<p>T\u00f5estis\u00fcndinud lugu j\u00e4tkusuutlikkusest! AWARE\u2122 abil on AWARE h\u00e4iriva f\u00fc\u00fcsilise j\u00e4ljendi ja plokiahela tehnoloogia abil tagatud ehtsate ringlussev\u00f5etud kangamaterjalide kasutamine ja vee v\u00e4hendamise v\u00e4ited. S\u00e4\u00e4stke vett ja kasutage ehtsaid taaskasutatud kangaid. Kui valite selle toote, s\u00e4\u00e4state 10 liitrit vett ja 16 plastpudelit on taaskasutatud. Keskendudes veele, annetatakse 2% iga m\u00fc\u00fcdud Impacti toote tulust Water.org-ile. Hoidke oma [&hellip;]<\/p>\n","protected":false},"featured_media":33892,"template":"","meta":{"_acf_changed":false},"product_brand":[],"product_cat":[232,626],"product_tag":[659],"class_list":{"0":"post-33868","1":"product","2":"type-product","3":"status-publish","4":"has-post-thumbnail","6":"product_cat-kotid","7":"product_cat-sulearvutikott","8":"product_tag-more-colors","9":"pa_varv-hall","10":"pa_varv-must","11":"pa_varv-sinine","13":"first","14":"instock","15":"taxable","16":"shipping-taxable","17":"purchasable","18":"product-type-variable","19":"has-default-attributes"},"acf":[],"_links":{"self":[{"href":"https:\/\/fifaa.ee\/en\/wp-json\/wp\/v2\/product\/33868","targetHints":{"allow":["GET"]}}],"collection":[{"href":"https:\/\/fifaa.ee\/en\/wp-json\/wp\/v2\/product"}],"about":[{"href":"https:\/\/fifaa.ee\/en\/wp-json\/wp\/v2\/types\/product"}],"wp:featuredmedia":[{"embeddable":true,"href":"https:\/\/fifaa.ee\/en\/wp-json\/wp\/v2\/media\/33892"}],"wp:attachment":[{"href":"https:\/\/fifaa.ee\/en\/wp-json\/wp\/v2\/media?parent=33868"}],"wp:term":[{"taxonomy":"product_brand","embeddable":true,"href":"https:\/\/fifaa.ee\/en\/wp-json\/wp\/v2\/product_brand?post=33868"},{"taxonomy":"product_cat","embeddable":true,"href":"https:\/\/fifaa.ee\/en\/wp-json\/wp\/v2\/product_cat?post=33868"},{"taxonomy":"product_tag","embeddable":true,"href":"https:\/\/fifaa.ee\/en\/wp-json\/wp\/v2\/product_tag?post=33868"}],"curies":[{"name":"wp","href":"https:\/\/api.w.org\/{rel}","templated":true}]}}