{"id":33956,"date":"2025-01-28T16:36:47","date_gmt":"2025-01-28T14:36:47","guid":{"rendered":"https:\/\/fifaa.ee\/?post_type=product&#038;p=33956"},"modified":"2026-04-01T18:25:23","modified_gmt":"2026-04-01T15:25:23","slug":"impact-aware-rpet-tualett-tarvete-kott","status":"publish","type":"product","link":"https:\/\/fifaa.ee\/en\/product\/impact-aware-rpet-tualett-tarvete-kott\/","title":{"rendered":"Impact AWARE\u2122 RPET toiletry bag"},"content":{"rendered":"<p>A true story of sustainability! This Impact collection is made with the AWARE\u2122 imprint. With AWARE\u2122, AWARE uses disruptive physical imprinting and blockchain technology to ensure the use of genuine recycled fabric materials and water reduction claims. Save water and use genuine recycled fabrics. When you choose this product, you save 5 liters of water and 9 plastic bottles are recycled. With a focus on water, 2% from the proceeds of every Impact product sold is donated to Water.org. Keep your toiletries stylishly stored and neatly organized on the go in the AWARE\u2122 RPET Toiletry Bag. It has a spacious main compartment with plenty of space for your grooming essentials. A front zippered pocket provides additional storage for small items. 100% recycled polyester with AWARE\u2122 labeling inside and out. PVC free. Impact savings based on reliable LCA data from the Textile Exchange.<\/p>","protected":false},"excerpt":{"rendered":"<p>T\u00f5estis\u00fcndinud lugu j\u00e4tkusuutlikkusest! See Impact kollektsioon on valmistatud AWARE\u2122 j\u00e4ljendajaga. AWARE\u2122 abil on AWARE h\u00e4iriva f\u00fc\u00fcsilise j\u00e4ljendi ja plokiahela tehnoloogia abil tagatud ehtsate ringlussev\u00f5etud kangamaterjalide kasutamine ja vee v\u00e4hendamise v\u00e4ited. S\u00e4\u00e4stke vett ja kasutage ehtsaid taaskasutatud kangaid. Kui valite selle toote, s\u00e4\u00e4state 5 liitrit vett ja 9 plastpudelit on taaskasutatud. Keskendudes veele, annetatakse 2% iga [&hellip;]<\/p>\n","protected":false},"featured_media":33974,"template":"","meta":{"_acf_changed":false},"product_brand":[],"product_cat":[627],"product_tag":[659],"class_list":{"0":"post-33956","1":"product","2":"type-product","3":"status-publish","4":"has-post-thumbnail","6":"product_cat-reisikotid","7":"product_tag-more-colors","8":"pa_varv-must","9":"pa_varv-sinine","11":"first","12":"instock","13":"taxable","14":"shipping-taxable","15":"purchasable","16":"product-type-variable","17":"has-default-attributes"},"acf":[],"_links":{"self":[{"href":"https:\/\/fifaa.ee\/en\/wp-json\/wp\/v2\/product\/33956","targetHints":{"allow":["GET"]}}],"collection":[{"href":"https:\/\/fifaa.ee\/en\/wp-json\/wp\/v2\/product"}],"about":[{"href":"https:\/\/fifaa.ee\/en\/wp-json\/wp\/v2\/types\/product"}],"wp:featuredmedia":[{"embeddable":true,"href":"https:\/\/fifaa.ee\/en\/wp-json\/wp\/v2\/media\/33974"}],"wp:attachment":[{"href":"https:\/\/fifaa.ee\/en\/wp-json\/wp\/v2\/media?parent=33956"}],"wp:term":[{"taxonomy":"product_brand","embeddable":true,"href":"https:\/\/fifaa.ee\/en\/wp-json\/wp\/v2\/product_brand?post=33956"},{"taxonomy":"product_cat","embeddable":true,"href":"https:\/\/fifaa.ee\/en\/wp-json\/wp\/v2\/product_cat?post=33956"},{"taxonomy":"product_tag","embeddable":true,"href":"https:\/\/fifaa.ee\/en\/wp-json\/wp\/v2\/product_tag?post=33956"}],"curies":[{"name":"wp","href":"https:\/\/api.w.org\/{rel}","templated":true}]}}