{"id":33957,"date":"2025-01-28T16:36:47","date_gmt":"2025-01-28T14:36:47","guid":{"rendered":"https:\/\/fifaa.ee\/?post_type=product&#038;p=33957"},"modified":"2026-04-01T18:25:23","modified_gmt":"2026-04-01T15:25:23","slug":"kaasaskantav-uv-c-steriliseerimiskott-integreeritud-akuga","status":"publish","type":"product","link":"https:\/\/fifaa.ee\/en\/product\/kaasaskantav-uv-c-steriliseerimiskott-integreeritud-akuga\/","title":{"rendered":"Portable UV-C sterilizer pouch with integrated battery"},"content":{"rendered":"<p>Keep your belongings clean wherever you go by killing up to 99.91% of bacteria on items placed inside the bag. Perfect for disinfecting keys and phones on the go in 5 minutes in quick mode or 10 minutes for a full clean. The three UV-C LED lights inside are non-toxic and mercury-free. The design also ensures that the UV-C LED light automatically turns off when the sterilizing pocket is opened via the zipper and magnetic closure, so the user is not exposed to UV-C light. Integrated 400 mAh battery for cleaning wherever you need it. Outer material: 300D polyester and PU. Includes a micro-charging cable made of PVC-free TPE material. UV-C wavelength 270nm-280nm.<\/p>","protected":false},"excerpt":{"rendered":"<p>Hoidke oma asjad puhtad k\u00f5ikjal, kuhu l\u00e4hete, tappes kuni 99,9% koti sisse asetatud esemetel olevatest bakteritest. Ideaalne v\u00f5tmete ja telefoni desinfitseerimiseks liikvel olles 5 minutiga kiirre\u017eiimis v\u00f5i 10 minutiga t\u00e4ielikuks puhastamiseks. Kolm sees olevat UV-C LED-valgustit on mittetoksilised ja elavh\u00f5bedavabad. Disain tagab ka selle, et UV-C LED-valgusti l\u00fclitub automaatselt v\u00e4lja, kui steriliseerimistasku avatakse t\u00f5mbluku ja [&hellip;]<\/p>\n","protected":false},"featured_media":33978,"template":"","meta":{"_acf_changed":false},"product_brand":[],"product_cat":[589,634],"product_tag":[],"class_list":{"0":"post-33957","1":"product","2":"type-product","3":"status-publish","4":"has-post-thumbnail","6":"product_cat-elektroonika","7":"product_cat-mobiili-tarvikud","8":"pa_varv-hall","10":"first","11":"instock","12":"taxable","13":"shipping-taxable","14":"purchasable","15":"product-type-variable","16":"has-default-attributes"},"acf":[],"_links":{"self":[{"href":"https:\/\/fifaa.ee\/en\/wp-json\/wp\/v2\/product\/33957","targetHints":{"allow":["GET"]}}],"collection":[{"href":"https:\/\/fifaa.ee\/en\/wp-json\/wp\/v2\/product"}],"about":[{"href":"https:\/\/fifaa.ee\/en\/wp-json\/wp\/v2\/types\/product"}],"wp:featuredmedia":[{"embeddable":true,"href":"https:\/\/fifaa.ee\/en\/wp-json\/wp\/v2\/media\/33978"}],"wp:attachment":[{"href":"https:\/\/fifaa.ee\/en\/wp-json\/wp\/v2\/media?parent=33957"}],"wp:term":[{"taxonomy":"product_brand","embeddable":true,"href":"https:\/\/fifaa.ee\/en\/wp-json\/wp\/v2\/product_brand?post=33957"},{"taxonomy":"product_cat","embeddable":true,"href":"https:\/\/fifaa.ee\/en\/wp-json\/wp\/v2\/product_cat?post=33957"},{"taxonomy":"product_tag","embeddable":true,"href":"https:\/\/fifaa.ee\/en\/wp-json\/wp\/v2\/product_tag?post=33957"}],"curies":[{"name":"wp","href":"https:\/\/api.w.org\/{rel}","templated":true}]}}