{"id":33960,"date":"2025-01-28T16:36:47","date_gmt":"2025-01-28T14:36:47","guid":{"rendered":"https:\/\/fifaa.ee\/?post_type=product&#038;p=33960"},"modified":"2026-04-01T18:25:47","modified_gmt":"2026-04-01T15:25:47","slug":"reisipistik-4-usb-pordiga","status":"publish","type":"product","link":"https:\/\/fifaa.ee\/en\/product\/reisipistik-4-usb-pordiga\/","title":{"rendered":"Travel plug with 4 USB ports"},"content":{"rendered":"<p>Portable 4-port USB travel adapter to charge all your devices on the go. Powerful 3.1A output gives you enough power to charge all your devices at once. AC Max 240V\/350mA, USB Max 5.25V\/3.1mA DC. Comes with four different plugs. Packed in a pouch.<\/p>","protected":false},"excerpt":{"rendered":"<p>Kaasaskantav 4-pordiline USB-reisipistik, et laadida k\u00f5iki oma seadmeid teel olles. V\u00f5imas 3,1 A v\u00e4ljund annab teile piisavalt v\u00f5imsust, et laadida k\u00f5iki seadmeid korraga. AC Max 240V\/350mA, USB Max 5.25V\/3.1mA DC. Kaasas neli erinevat pistikut. Pakitud kotti.<\/p>","protected":false},"featured_media":33984,"template":"","meta":{"_acf_changed":false},"product_brand":[],"product_cat":[610,627],"product_tag":[],"class_list":{"0":"post-33960","1":"product","2":"type-product","3":"status-publish","4":"has-post-thumbnail","6":"product_cat-reisi-adapterid","7":"product_cat-reisikotid","8":"pa_varv-valge-new","10":"first","11":"instock","12":"taxable","13":"shipping-taxable","14":"purchasable","15":"product-type-variable","16":"has-default-attributes"},"acf":[],"_links":{"self":[{"href":"https:\/\/fifaa.ee\/en\/wp-json\/wp\/v2\/product\/33960","targetHints":{"allow":["GET"]}}],"collection":[{"href":"https:\/\/fifaa.ee\/en\/wp-json\/wp\/v2\/product"}],"about":[{"href":"https:\/\/fifaa.ee\/en\/wp-json\/wp\/v2\/types\/product"}],"wp:featuredmedia":[{"embeddable":true,"href":"https:\/\/fifaa.ee\/en\/wp-json\/wp\/v2\/media\/33984"}],"wp:attachment":[{"href":"https:\/\/fifaa.ee\/en\/wp-json\/wp\/v2\/media?parent=33960"}],"wp:term":[{"taxonomy":"product_brand","embeddable":true,"href":"https:\/\/fifaa.ee\/en\/wp-json\/wp\/v2\/product_brand?post=33960"},{"taxonomy":"product_cat","embeddable":true,"href":"https:\/\/fifaa.ee\/en\/wp-json\/wp\/v2\/product_cat?post=33960"},{"taxonomy":"product_tag","embeddable":true,"href":"https:\/\/fifaa.ee\/en\/wp-json\/wp\/v2\/product_tag?post=33960"}],"curies":[{"name":"wp","href":"https:\/\/api.w.org\/{rel}","templated":true}]}}