{"id":33961,"date":"2025-01-28T16:36:47","date_gmt":"2025-01-28T14:36:47","guid":{"rendered":"https:\/\/fifaa.ee\/?post_type=product&#038;p=33961"},"modified":"2026-04-01T18:25:47","modified_gmt":"2026-04-01T15:25:47","slug":"swiss-peak-aware-tehniline-kott-pvc-vaba","status":"publish","type":"product","link":"https:\/\/fifaa.ee\/en\/product\/swiss-peak-aware-tehniline-kott-pvc-vaba\/","title":{"rendered":"Swiss Peak AWARE\u2122 tech pouch PVC free"},"content":{"rendered":"<p>Whether you&#039;re storing cables, everyday gear, or travel essentials, this tech bag offers the perfect amount of organization and easy access. Origami-style pockets create huge space efficiency, allowing you to pack more into a smaller space while keeping your items neatly organized and easy to find. Elastic accessory loops keep items like pens within reach. Exterior handles and a flap opening make this bag easy to access. An exterior zippered pocket has a cable pass-through for easy device charging. PVC-free. Each tech bag contains 8.5 recycled PET bottles. 2% of the proceeds from every Aware\u2122 product sold is donated to Water.org.<\/p>","protected":false},"excerpt":{"rendered":"<p>Juhtmete, igap\u00e4evaste varustuse v\u00f5i reisimiseks vajalike asjade hoidmiseks pakub see tehniline kott t\u00e4iuslikku organiseeritust ja h\u00f5lpsat juurdep\u00e4\u00e4su. Origami-stiilis taskud loovad tohutu ruumilise t\u00f5hususe, v\u00f5imaldades teil v\u00e4iksemasse ruumi rohkem pakkida, hoides samal ajal oma esemed korralikult organiseerituna ja h\u00f5lpsasti leitavad. Elastsed tarvikuaasad hoiavad esemed, nagu pliiatsid, alati k\u00e4eulatuses. V\u00e4lisk\u00e4epidemed ja klapikujuline ava muudavad selle koti h\u00f5lpsaks [&hellip;]<\/p>\n","protected":false},"featured_media":33986,"template":"","meta":{"_acf_changed":false},"product_brand":[],"product_cat":[627],"product_tag":[],"class_list":{"0":"post-33961","1":"product","2":"type-product","3":"status-publish","4":"has-post-thumbnail","6":"product_cat-reisikotid","7":"pa_varv-must","9":"first","10":"instock","11":"taxable","12":"shipping-taxable","13":"purchasable","14":"product-type-variable","15":"has-default-attributes"},"acf":[],"_links":{"self":[{"href":"https:\/\/fifaa.ee\/en\/wp-json\/wp\/v2\/product\/33961","targetHints":{"allow":["GET"]}}],"collection":[{"href":"https:\/\/fifaa.ee\/en\/wp-json\/wp\/v2\/product"}],"about":[{"href":"https:\/\/fifaa.ee\/en\/wp-json\/wp\/v2\/types\/product"}],"wp:featuredmedia":[{"embeddable":true,"href":"https:\/\/fifaa.ee\/en\/wp-json\/wp\/v2\/media\/33986"}],"wp:attachment":[{"href":"https:\/\/fifaa.ee\/en\/wp-json\/wp\/v2\/media?parent=33961"}],"wp:term":[{"taxonomy":"product_brand","embeddable":true,"href":"https:\/\/fifaa.ee\/en\/wp-json\/wp\/v2\/product_brand?post=33961"},{"taxonomy":"product_cat","embeddable":true,"href":"https:\/\/fifaa.ee\/en\/wp-json\/wp\/v2\/product_cat?post=33961"},{"taxonomy":"product_tag","embeddable":true,"href":"https:\/\/fifaa.ee\/en\/wp-json\/wp\/v2\/product_tag?post=33961"}],"curies":[{"name":"wp","href":"https:\/\/api.w.org\/{rel}","templated":true}]}}