{"id":34001,"date":"2025-01-28T16:37:16","date_gmt":"2025-01-28T14:37:16","guid":{"rendered":"https:\/\/fifaa.ee\/?post_type=product&#038;p=34001"},"modified":"2026-04-01T18:26:38","modified_gmt":"2026-04-01T15:26:38","slug":"swiss-peak-grs-taaskasutatud-pu-reisikinkekomplekt","status":"publish","type":"product","link":"https:\/\/fifaa.ee\/en\/product\/swiss-peak-grs-taaskasutatud-pu-reisikinkekomplekt\/","title":{"rendered":"Swiss Peak GRS recycled PU travel gift set"},"content":{"rendered":"<p>Keep your passport safe and easy to access with this stylish Swiss Peak recycled PU passport holder. Additional compartments help keep your public transport card and credit cards in one place for easy travel. The passport holder is compatible with a luggage tag. Comes in a beautiful gift box. Made from GRS (Global Recycled Standard) certified recycled materials. GRS certification ensures a fully certified supply chain for recycled materials. Total recycled content: 70% of the total weight of the item. Packaged in an FSC\u00ae certified gift box.<\/p>","protected":false},"excerpt":{"rendered":"<p>Selle stiilse Swiss Peaki taaskasutatud PU passihoidja abil saate oma passi turvaliselt hoida ja h\u00f5lpsasti ligip\u00e4\u00e4setava. Reisi h\u00f5lbustamiseks aitavad lisakambrid \u00fchistranspordikaarti ja krediitkaarte \u00fches kohas hoida. Passihoidja sobib kokku pagasisildiga. Tuleb ilusas kinkekarbis. Valmistatud GRS (Global Recycled Standard) sertifitseeritud taaskasutatud materjalidest. GRS-sertifikaat tagab taaskasutatud materjalide t\u00e4ielikult sertifitseeritud tarneahela. Taaskasutatud kogusisaldus: 70% eseme kogukaalust. Pakitud FSC\u00ae-sertifikaadiga [&hellip;]<\/p>\n","protected":false},"featured_media":34013,"template":"","meta":{"_acf_changed":false},"product_brand":[],"product_cat":[627],"product_tag":[],"class_list":{"0":"post-34001","1":"product","2":"type-product","3":"status-publish","4":"has-post-thumbnail","6":"product_cat-reisikotid","7":"pa_varv-must","9":"first","10":"instock","11":"taxable","12":"shipping-taxable","13":"purchasable","14":"product-type-variable","15":"has-default-attributes"},"acf":[],"_links":{"self":[{"href":"https:\/\/fifaa.ee\/en\/wp-json\/wp\/v2\/product\/34001","targetHints":{"allow":["GET"]}}],"collection":[{"href":"https:\/\/fifaa.ee\/en\/wp-json\/wp\/v2\/product"}],"about":[{"href":"https:\/\/fifaa.ee\/en\/wp-json\/wp\/v2\/types\/product"}],"wp:featuredmedia":[{"embeddable":true,"href":"https:\/\/fifaa.ee\/en\/wp-json\/wp\/v2\/media\/34013"}],"wp:attachment":[{"href":"https:\/\/fifaa.ee\/en\/wp-json\/wp\/v2\/media?parent=34001"}],"wp:term":[{"taxonomy":"product_brand","embeddable":true,"href":"https:\/\/fifaa.ee\/en\/wp-json\/wp\/v2\/product_brand?post=34001"},{"taxonomy":"product_cat","embeddable":true,"href":"https:\/\/fifaa.ee\/en\/wp-json\/wp\/v2\/product_cat?post=34001"},{"taxonomy":"product_tag","embeddable":true,"href":"https:\/\/fifaa.ee\/en\/wp-json\/wp\/v2\/product_tag?post=34001"}],"curies":[{"name":"wp","href":"https:\/\/api.w.org\/{rel}","templated":true}]}}