{"id":34010,"date":"2025-01-28T16:37:16","date_gmt":"2025-01-28T14:37:16","guid":{"rendered":"https:\/\/fifaa.ee\/?post_type=product&#038;p=34010"},"modified":"2026-04-01T18:27:54","modified_gmt":"2026-04-01T15:27:54","slug":"sp-tula-rcs-sertifitseeritud-taaskasutatud-pu-votmehoidja-ja-pliiatsikomplekt","status":"publish","type":"product","link":"https:\/\/fifaa.ee\/en\/product\/sp-tula-rcs-sertifitseeritud-taaskasutatud-pu-votmehoidja-ja-pliiatsikomplekt\/","title":{"rendered":"SP Tula RCS certified recycled PU key holder and pen set"},"content":{"rendered":"<p>Enhance your everyday essentials with our Swiss Peak Tula RCS Certified Key Ring and Recycled Aluminum Pen Set, beautifully packaged in a luxurious gift box. The meticulously crafted key ring ensures seamless organization, while the recycled aluminum pen allows you to put your creative ideas to paper, making it the perfect gift. Made from RCS (Recycled Claim Standard) certified recycled materials. RCS certification ensures a fully certified supply chain for recycled materials. This product contains 11% RCS certified recycled PU and 8% RCS certified recycled aluminum.<\/p>","protected":false},"excerpt":{"rendered":"<p>T\u00e4iustage oma igap\u00e4evaseid asju meie Swiss Peak Tula RCS sertifitseeritud v\u00f5tmehoidja ja taaskasutatud alumiiniumist pliiatsikomplektiga, mis on kaunilt pakitud luksuslikus kinkekarbis. T\u00e4pselt meisterdatud v\u00f5tmehoidja tagab sujuva korralduse, samas kui taaskasutatud alumiiniumist pliiats v\u00f5imaldab viia loomingulised ideed paberile, muutes selle ideaalseks kingituseks. Valmistatud RCS (Recycled Claim Standard) sertifitseeritud taaskasutatud materjalidest. RCS-sertifikaat tagab taaskasutatud materjalide t\u00e4ielikult sertifitseeritud [&hellip;]<\/p>\n","protected":false},"featured_media":34047,"template":"","meta":{"_acf_changed":false},"product_brand":[],"product_cat":[627],"product_tag":[],"class_list":{"0":"post-34010","1":"product","2":"type-product","3":"status-publish","4":"has-post-thumbnail","6":"product_cat-reisikotid","7":"pa_varv-must","9":"first","10":"instock","11":"taxable","12":"shipping-taxable","13":"purchasable","14":"product-type-variable","15":"has-default-attributes"},"acf":[],"_links":{"self":[{"href":"https:\/\/fifaa.ee\/en\/wp-json\/wp\/v2\/product\/34010","targetHints":{"allow":["GET"]}}],"collection":[{"href":"https:\/\/fifaa.ee\/en\/wp-json\/wp\/v2\/product"}],"about":[{"href":"https:\/\/fifaa.ee\/en\/wp-json\/wp\/v2\/types\/product"}],"wp:featuredmedia":[{"embeddable":true,"href":"https:\/\/fifaa.ee\/en\/wp-json\/wp\/v2\/media\/34047"}],"wp:attachment":[{"href":"https:\/\/fifaa.ee\/en\/wp-json\/wp\/v2\/media?parent=34010"}],"wp:term":[{"taxonomy":"product_brand","embeddable":true,"href":"https:\/\/fifaa.ee\/en\/wp-json\/wp\/v2\/product_brand?post=34010"},{"taxonomy":"product_cat","embeddable":true,"href":"https:\/\/fifaa.ee\/en\/wp-json\/wp\/v2\/product_cat?post=34010"},{"taxonomy":"product_tag","embeddable":true,"href":"https:\/\/fifaa.ee\/en\/wp-json\/wp\/v2\/product_tag?post=34010"}],"curies":[{"name":"wp","href":"https:\/\/api.w.org\/{rel}","templated":true}]}}