{"id":34048,"date":"2025-01-28T16:37:36","date_gmt":"2025-01-28T14:37:36","guid":{"rendered":"https:\/\/fifaa.ee\/?post_type=product&#038;p=34048"},"modified":"2026-04-01T18:27:54","modified_gmt":"2026-04-01T15:27:54","slug":"sp-tula-rcs-sertifikaadiga-rpu-3-osaline-luksuslik-kinkekomplekt","status":"publish","type":"product","link":"https:\/\/fifaa.ee\/en\/product\/sp-tula-rcs-sertifikaadiga-rpu-3-osaline-luksuslik-kinkekomplekt\/","title":{"rendered":"SP Tula RCS certified rPU 3 piece deluxe gift set"},"content":{"rendered":"<p>Swiss Peak Tula RCS Certified Key Organizer, Practical AirTag Holder and Recycled Aluminum Pen. Designed for efficiency and style, the key holder keeps your keys under control (for up to 4 keys), while the AirTag holder ensures you never lose track of your valuables. Plus, take notes with the recycled aluminum pen. Enhance your everyday carry with this perfect set. Made from RCS (Recycled Claim Standard) certified recycled materials. RCS certification ensures a fully certified supply chain for recycled materials. This product contains 7% RCS certified recycled PU and 8% RCS certified recycled aluminum.<\/p>","protected":false},"excerpt":{"rendered":"<p>Swiss Peak Tula RCS sertifitseeritud v\u00f5tmekorraldaja, praktiline AirTag-hoidik ja taaskasutatud alumiiniumist pliiats. T\u00f5hususe ja stiili jaoks loodud v\u00f5tmehoidja hoiab teie v\u00f5tmed kontrolli all (maksimaalselt 4 v\u00f5tme puhul), samas kui AirTag-hoidik tagab, et te ei kaota kunagi oma v\u00e4\u00e4risesemeid j\u00e4lgi. Lisaks tehke oma m\u00e4rkmeid taaskasutatud alumiiniumist pliiatsiga. Suurendage oma igap\u00e4evast kandmist selle t\u00e4iusliku komplektiga. Valmistatud RCS [&hellip;]<\/p>\n","protected":false},"featured_media":34062,"template":"","meta":{"_acf_changed":false},"product_brand":[],"product_cat":[627],"product_tag":[],"class_list":{"0":"post-34048","1":"product","2":"type-product","3":"status-publish","4":"has-post-thumbnail","6":"product_cat-reisikotid","7":"pa_varv-must","9":"first","10":"instock","11":"taxable","12":"shipping-taxable","13":"purchasable","14":"product-type-variable","15":"has-default-attributes"},"acf":[],"_links":{"self":[{"href":"https:\/\/fifaa.ee\/en\/wp-json\/wp\/v2\/product\/34048","targetHints":{"allow":["GET"]}}],"collection":[{"href":"https:\/\/fifaa.ee\/en\/wp-json\/wp\/v2\/product"}],"about":[{"href":"https:\/\/fifaa.ee\/en\/wp-json\/wp\/v2\/types\/product"}],"wp:featuredmedia":[{"embeddable":true,"href":"https:\/\/fifaa.ee\/en\/wp-json\/wp\/v2\/media\/34062"}],"wp:attachment":[{"href":"https:\/\/fifaa.ee\/en\/wp-json\/wp\/v2\/media?parent=34048"}],"wp:term":[{"taxonomy":"product_brand","embeddable":true,"href":"https:\/\/fifaa.ee\/en\/wp-json\/wp\/v2\/product_brand?post=34048"},{"taxonomy":"product_cat","embeddable":true,"href":"https:\/\/fifaa.ee\/en\/wp-json\/wp\/v2\/product_cat?post=34048"},{"taxonomy":"product_tag","embeddable":true,"href":"https:\/\/fifaa.ee\/en\/wp-json\/wp\/v2\/product_tag?post=34048"}],"curies":[{"name":"wp","href":"https:\/\/api.w.org\/{rel}","templated":true}]}}