{"id":34049,"date":"2025-01-28T16:37:36","date_gmt":"2025-01-28T14:37:36","guid":{"rendered":"https:\/\/fifaa.ee\/?post_type=product&#038;p=34049"},"modified":"2026-04-01T18:27:54","modified_gmt":"2026-04-01T15:27:54","slug":"travelcharge-pro-rcs-plastikust-reisilaadija-usb-c-ga","status":"publish","type":"product","link":"https:\/\/fifaa.ee\/en\/product\/travelcharge-pro-rcs-plastikust-reisilaadija-usb-c-ga\/","title":{"rendered":"TravelCharge Pro RCS rplastic travel charger with USB C"},"content":{"rendered":"<p>Charge wherever you go with the Travelcharge Pro. It comes with 2 USB C and 2 USB A ports to charge any mobile device you take with you on your trip. With an integrated plug for the US and an additional EU, UK and AUS plug for charging in over 100 countries worldwide. Maximum output: 5V\/3A. Input: AC100-240V. The adapter comes in a convenient travel bag, so you can take it with you to any destination. The charger is made from recycled ABS. Total recycled content: 57% of the total weight of the item. RCS certification ensures a fully certified supply chain of recycled materials. PVC free. Packed in FSC\u00ae mixed packaging.<\/p>","protected":false},"excerpt":{"rendered":"<p>Laadige Travelcharge Pro abil k\u00f5ikjal, kuhu l\u00e4hete. See on varustatud 2 USB C- ja 2 USB A-pordiga, et laadida mis tahes mobiilseadmeid, mille reisile kaasa v\u00f5tate. Integreeritud pistikuga USA jaoks ja t\u00e4iendava EL-i, \u00dchendkuningriigi ja AUS-i pistikuga laadimiseks enam kui 100 riigis \u00fcle maailma. Maksimaalne v\u00e4ljund: 5V\/3A. Sisend: AC100-240V. Adapter on mugavas reisikotis, mis v\u00f5imaldab [&hellip;]<\/p>\n","protected":false},"featured_media":34064,"template":"","meta":{"_acf_changed":false},"product_brand":[],"product_cat":[589,648],"product_tag":[],"class_list":{"0":"post-34049","1":"product","2":"type-product","3":"status-publish","4":"has-post-thumbnail","6":"product_cat-elektroonika","7":"product_cat-laadijad","8":"pa_varv-valge-new","10":"first","11":"instock","12":"taxable","13":"shipping-taxable","14":"purchasable","15":"product-type-variable","16":"has-default-attributes"},"acf":[],"_links":{"self":[{"href":"https:\/\/fifaa.ee\/en\/wp-json\/wp\/v2\/product\/34049","targetHints":{"allow":["GET"]}}],"collection":[{"href":"https:\/\/fifaa.ee\/en\/wp-json\/wp\/v2\/product"}],"about":[{"href":"https:\/\/fifaa.ee\/en\/wp-json\/wp\/v2\/types\/product"}],"wp:featuredmedia":[{"embeddable":true,"href":"https:\/\/fifaa.ee\/en\/wp-json\/wp\/v2\/media\/34064"}],"wp:attachment":[{"href":"https:\/\/fifaa.ee\/en\/wp-json\/wp\/v2\/media?parent=34049"}],"wp:term":[{"taxonomy":"product_brand","embeddable":true,"href":"https:\/\/fifaa.ee\/en\/wp-json\/wp\/v2\/product_brand?post=34049"},{"taxonomy":"product_cat","embeddable":true,"href":"https:\/\/fifaa.ee\/en\/wp-json\/wp\/v2\/product_cat?post=34049"},{"taxonomy":"product_tag","embeddable":true,"href":"https:\/\/fifaa.ee\/en\/wp-json\/wp\/v2\/product_tag?post=34049"}],"curies":[{"name":"wp","href":"https:\/\/api.w.org\/{rel}","templated":true}]}}