{"id":34050,"date":"2025-01-28T16:37:37","date_gmt":"2025-01-28T14:37:37","guid":{"rendered":"https:\/\/fifaa.ee\/?post_type=product&#038;p=34050"},"modified":"2026-04-01T18:28:20","modified_gmt":"2026-04-01T15:28:20","slug":"sp-aware-rpet-ulikerge-taisautomaatne-205-tolline-vihmavari","status":"publish","type":"product","link":"https:\/\/fifaa.ee\/en\/product\/sp-aware-rpet-ulikerge-taisautomaatne-205-tolline-vihmavari\/","title":{"rendered":"SP Aware\u2122 RPET Ultra-light full auto 20.5\u201d umbrella"},"content":{"rendered":"<p>This Swiss Peak Aware\u2122 RPET Ultralight Fully Automatic 20.5&quot; Umbrella offers durable weather protection in an ultra-lightweight foldable form. This portable 3-section auto-open\/close mini umbrella is the perfect size to keep in your purse or car in case of inclement weather. Aluminum frame, fiberglass ribs with ABS handle. AWARE\u2122 label, confirming genuine use of recycled materials. This umbrella umbrella has saved 3.2 liters of water, is made from 5.4 PET bottles (500 ml). 2% of the proceeds from every Impact product sold is donated to Water.org.<\/p>","protected":false},"excerpt":{"rendered":"<p>See Swiss Peak Aware\u2122 RPET \u00fclikerge t\u00e4isautomaatne 20,5-tolline vihmavari pakub \u00fclikergel kokkupandaval kujul vastupidavat ilmastikukaitset. See kaasaskantav 3-sektsiooniline automaatselt avatav\/sulgetav minivihmavari on ideaalses suuruses, et hoida ilmastikuolude korral rahakotis v\u00f5i autos. Alumiiniumraam, klaaskiust ribid ABS k\u00e4epidemega. AWARE\u2122 m\u00e4rgistusega, mis kinnitab taaskasutatud materjalide ehtsat kasutamist. See vihmavarjuvarju on s\u00e4\u00e4stnud 3,2 liitrit vett, on valmistatud 5,4 PET [&hellip;]<\/p>\n","protected":false},"featured_media":34066,"template":"","meta":{"_acf_changed":false},"product_brand":[],"product_cat":[611],"product_tag":[],"class_list":{"0":"post-34050","1":"product","2":"type-product","3":"status-publish","4":"has-post-thumbnail","6":"product_cat-vihmavarjud","7":"pa_varv-must","9":"first","10":"instock","11":"taxable","12":"shipping-taxable","13":"purchasable","14":"product-type-variable","15":"has-default-attributes"},"acf":[],"_links":{"self":[{"href":"https:\/\/fifaa.ee\/en\/wp-json\/wp\/v2\/product\/34050","targetHints":{"allow":["GET"]}}],"collection":[{"href":"https:\/\/fifaa.ee\/en\/wp-json\/wp\/v2\/product"}],"about":[{"href":"https:\/\/fifaa.ee\/en\/wp-json\/wp\/v2\/types\/product"}],"wp:featuredmedia":[{"embeddable":true,"href":"https:\/\/fifaa.ee\/en\/wp-json\/wp\/v2\/media\/34066"}],"wp:attachment":[{"href":"https:\/\/fifaa.ee\/en\/wp-json\/wp\/v2\/media?parent=34050"}],"wp:term":[{"taxonomy":"product_brand","embeddable":true,"href":"https:\/\/fifaa.ee\/en\/wp-json\/wp\/v2\/product_brand?post=34050"},{"taxonomy":"product_cat","embeddable":true,"href":"https:\/\/fifaa.ee\/en\/wp-json\/wp\/v2\/product_cat?post=34050"},{"taxonomy":"product_tag","embeddable":true,"href":"https:\/\/fifaa.ee\/en\/wp-json\/wp\/v2\/product_tag?post=34050"}],"curies":[{"name":"wp","href":"https:\/\/api.w.org\/{rel}","templated":true}]}}