{"id":34053,"date":"2025-01-28T16:37:37","date_gmt":"2025-01-28T14:37:37","guid":{"rendered":"https:\/\/fifaa.ee\/?post_type=product&#038;p=34053"},"modified":"2026-04-01T18:28:44","modified_gmt":"2026-04-01T15:28:44","slug":"swiss-peak-aware-ulikerge-manuaalne-25-tolline-alumiinium-vihmavari","status":"publish","type":"product","link":"https:\/\/fifaa.ee\/en\/product\/swiss-peak-aware-ulikerge-manuaalne-25-tolline-alumiinium-vihmavari\/","title":{"rendered":"Swiss Peak Aware\u2122 Ultra-light manual 25\u201d Alu umbrella"},"content":{"rendered":"<p>This Swiss Peak Aware\u2122 RPET Ultralight Manual 25&quot; Umbrella offers durable weather protection in an ultra-lightweight form. Aluminum frame, fiberglass ribs with EVA handle, and manual open\/close. Made from 190T recycled polyester. AWARE\u2122 label confirms genuine use of recycled materials. This umbrella umbrella has saved 5.6 liters of water, made from 9.4 PET bottles (500 ml). 2% of the proceeds from every Impact product sold is donated to Water.org.<\/p>","protected":false},"excerpt":{"rendered":"<p>See Swiss Peak Aware\u2122 RPET \u00fclikerge manuaalne 25-tolline vihmavari pakub vastupidavat ilmastikukaitset \u00fclikergel kujul. Alumiiniumraam, EVA k\u00e4epidemega klaaskiust ribid ja k\u00e4sitsi avamine\/sulgemine. Valmistatud 190T taaskasutatud pol\u00fcestrist. AWARE\u2122 m\u00e4rgistusega, mis kinnitab taaskasutatud materjalide ehtsat kasutamist. See vihmavarjuvarju on s\u00e4\u00e4stnud 5,6 liitrit vett, on valmistatud 9,4 PET pudelist (500 ml). 2% iga m\u00fc\u00fcdud Impacti toote tulust annetatakse [&hellip;]<\/p>\n","protected":false},"featured_media":34072,"template":"","meta":{"_acf_changed":false},"product_brand":[],"product_cat":[611],"product_tag":[],"class_list":{"0":"post-34053","1":"product","2":"type-product","3":"status-publish","4":"has-post-thumbnail","6":"product_cat-vihmavarjud","7":"pa_varv-must","9":"first","10":"instock","11":"taxable","12":"shipping-taxable","13":"purchasable","14":"product-type-variable","15":"has-default-attributes"},"acf":[],"_links":{"self":[{"href":"https:\/\/fifaa.ee\/en\/wp-json\/wp\/v2\/product\/34053","targetHints":{"allow":["GET"]}}],"collection":[{"href":"https:\/\/fifaa.ee\/en\/wp-json\/wp\/v2\/product"}],"about":[{"href":"https:\/\/fifaa.ee\/en\/wp-json\/wp\/v2\/types\/product"}],"wp:featuredmedia":[{"embeddable":true,"href":"https:\/\/fifaa.ee\/en\/wp-json\/wp\/v2\/media\/34072"}],"wp:attachment":[{"href":"https:\/\/fifaa.ee\/en\/wp-json\/wp\/v2\/media?parent=34053"}],"wp:term":[{"taxonomy":"product_brand","embeddable":true,"href":"https:\/\/fifaa.ee\/en\/wp-json\/wp\/v2\/product_brand?post=34053"},{"taxonomy":"product_cat","embeddable":true,"href":"https:\/\/fifaa.ee\/en\/wp-json\/wp\/v2\/product_cat?post=34053"},{"taxonomy":"product_tag","embeddable":true,"href":"https:\/\/fifaa.ee\/en\/wp-json\/wp\/v2\/product_tag?post=34053"}],"curies":[{"name":"wp","href":"https:\/\/api.w.org\/{rel}","templated":true}]}}