{"id":34055,"date":"2025-01-28T16:37:37","date_gmt":"2025-01-28T14:37:37","guid":{"rendered":"https:\/\/fifaa.ee\/?post_type=product&#038;p=34055"},"modified":"2026-04-01T18:28:44","modified_gmt":"2026-04-01T15:28:44","slug":"swiss-peak-aware-tornado-30-tolline-tormivari","status":"publish","type":"product","link":"https:\/\/fifaa.ee\/en\/product\/swiss-peak-aware-tornado-30-tolline-tormivari\/","title":{"rendered":"Swiss Peak AWARE\u2122 Tornado 30\u2032 storm umbrella"},"content":{"rendered":"<p>This Swiss Peak AWARE\u2122 Tornado 30&quot; Storm Umbrella is durable and reliable, made with a metal frame, fiberglass ribs, and a rubber handle. It has a storm-proof feature for harsh weather and comes with a Swiss Peak bag for easy storage. Automatic opening and manual closing. Additionally, the umbrella is AWARE\u2122 labeled, which confirms the use of recycled materials, making it a better choice. Plus, 2% of the proceeds from every Aware\u2122 product sold is donated to Water.org.<\/p>","protected":false},"excerpt":{"rendered":"<p>See Swiss Peak AWARE\u2122 Tornado 30-tolline tormivari on vastupidav ja usaldusv\u00e4\u00e4rne, valmistatud metallraami, klaaskiust ribide ja kummist k\u00e4epidemega. Sellel on tormikindel funktsioon karmi ilma jaoks ja kaasas on Swiss Peak kott, mis h\u00f5lbustab hoiustamist. Automaatne avamine ja k\u00e4sitsi sulgemine. Lisaks on vihmavarjul AWARE\u2122 m\u00e4rgistus, mis kinnitab taaskasutatud materjalide kasutamist, muutes selle paremaks valikuks. Lisaks annetatakse [&hellip;]<\/p>\n","protected":false},"featured_media":34082,"template":"","meta":{"_acf_changed":false},"product_brand":[],"product_cat":[611],"product_tag":[],"class_list":{"0":"post-34055","1":"product","2":"type-product","3":"status-publish","4":"has-post-thumbnail","6":"product_cat-vihmavarjud","7":"pa_varv-must","9":"first","10":"instock","11":"taxable","12":"shipping-taxable","13":"purchasable","14":"product-type-variable","15":"has-default-attributes"},"acf":[],"_links":{"self":[{"href":"https:\/\/fifaa.ee\/en\/wp-json\/wp\/v2\/product\/34055","targetHints":{"allow":["GET"]}}],"collection":[{"href":"https:\/\/fifaa.ee\/en\/wp-json\/wp\/v2\/product"}],"about":[{"href":"https:\/\/fifaa.ee\/en\/wp-json\/wp\/v2\/types\/product"}],"wp:featuredmedia":[{"embeddable":true,"href":"https:\/\/fifaa.ee\/en\/wp-json\/wp\/v2\/media\/34082"}],"wp:attachment":[{"href":"https:\/\/fifaa.ee\/en\/wp-json\/wp\/v2\/media?parent=34055"}],"wp:term":[{"taxonomy":"product_brand","embeddable":true,"href":"https:\/\/fifaa.ee\/en\/wp-json\/wp\/v2\/product_brand?post=34055"},{"taxonomy":"product_cat","embeddable":true,"href":"https:\/\/fifaa.ee\/en\/wp-json\/wp\/v2\/product_cat?post=34055"},{"taxonomy":"product_tag","embeddable":true,"href":"https:\/\/fifaa.ee\/en\/wp-json\/wp\/v2\/product_tag?post=34055"}],"curies":[{"name":"wp","href":"https:\/\/api.w.org\/{rel}","templated":true}]}}