{"id":34057,"date":"2025-01-28T16:37:37","date_gmt":"2025-01-28T14:37:37","guid":{"rendered":"https:\/\/fifaa.ee\/?post_type=product&#038;p=34057"},"modified":"2026-04-01T18:29:09","modified_gmt":"2026-04-01T15:29:09","slug":"sp-aware-23-tolline-kokkupandav-pooratav-automaatselt-avatav-sulgev-vihmavari","status":"publish","type":"product","link":"https:\/\/fifaa.ee\/en\/product\/sp-aware-23-tolline-kokkupandav-pooratav-automaatselt-avatav-sulgev-vihmavari\/","title":{"rendered":"SP AWARE\u2122 23\u2032 foldable reversible auto open\/close umbrella"},"content":{"rendered":"<p>The 23-inch 3-section reversible umbrella is a convenient and stylish accessory for protection from the rain. Made of 190T pongee RPET material with fiberglass ribs and a chrome-plated steel shaft, it is strong and durable. The umbrella has a unique reverse opening design that keeps water from leaking inside and prevents you from getting wet when entering or exiting a car or building. AWARE\u2122 marked, confirming the genuine use of recycled materials. 2% of the proceeds from every Aware\u2122 product sold is donated to Water.org.<\/p>","protected":false},"excerpt":{"rendered":"<p>23-tolline 3-sektsiooniline \u00fcmberp\u00f6\u00f6ratav vihmavari on mugav ja stiilne lisavarustus vihma eest kaitsmiseks. Valmistatud 190T pongee RPET materjalist klaaskiust ribidega ja kroomitud terasvarrega, see on tugev ja vastupidav. Vihmavarjul on ainulaadne tagurpidi avanev disain, mis hoiab vee lekkimise sees ja takistab m\u00e4rjaks saamist autosse v\u00f5i hoonesse sisenemisel v\u00f5i sealt v\u00e4ljumisel. AWARE\u2122 m\u00e4rgistusega, mis kinnitab taaskasutatud materjalide [&hellip;]<\/p>\n","protected":false},"featured_media":34086,"template":"","meta":{"_acf_changed":false},"product_brand":[],"product_cat":[611],"product_tag":[],"class_list":{"0":"post-34057","1":"product","2":"type-product","3":"status-publish","4":"has-post-thumbnail","6":"product_cat-vihmavarjud","7":"pa_varv-must","9":"first","10":"instock","11":"taxable","12":"shipping-taxable","13":"purchasable","14":"product-type-variable","15":"has-default-attributes"},"acf":[],"_links":{"self":[{"href":"https:\/\/fifaa.ee\/en\/wp-json\/wp\/v2\/product\/34057","targetHints":{"allow":["GET"]}}],"collection":[{"href":"https:\/\/fifaa.ee\/en\/wp-json\/wp\/v2\/product"}],"about":[{"href":"https:\/\/fifaa.ee\/en\/wp-json\/wp\/v2\/types\/product"}],"wp:featuredmedia":[{"embeddable":true,"href":"https:\/\/fifaa.ee\/en\/wp-json\/wp\/v2\/media\/34086"}],"wp:attachment":[{"href":"https:\/\/fifaa.ee\/en\/wp-json\/wp\/v2\/media?parent=34057"}],"wp:term":[{"taxonomy":"product_brand","embeddable":true,"href":"https:\/\/fifaa.ee\/en\/wp-json\/wp\/v2\/product_brand?post=34057"},{"taxonomy":"product_cat","embeddable":true,"href":"https:\/\/fifaa.ee\/en\/wp-json\/wp\/v2\/product_cat?post=34057"},{"taxonomy":"product_tag","embeddable":true,"href":"https:\/\/fifaa.ee\/en\/wp-json\/wp\/v2\/product_tag?post=34057"}],"curies":[{"name":"wp","href":"https:\/\/api.w.org\/{rel}","templated":true}]}}