{"id":34058,"date":"2025-01-28T16:37:37","date_gmt":"2025-01-28T14:37:37","guid":{"rendered":"https:\/\/fifaa.ee\/?post_type=product&#038;p=34058"},"modified":"2026-04-01T18:29:09","modified_gmt":"2026-04-01T15:29:09","slug":"sveitsi-tipp-aware-tornado-23-tolline-tormivari","status":"publish","type":"product","link":"https:\/\/fifaa.ee\/en\/product\/sveitsi-tipp-aware-tornado-23-tolline-tormivari\/","title":{"rendered":"Swiss peak AWARE\u2122 Tornado 23\u201d storm umbrella"},"content":{"rendered":"<p>The Swiss Peak AWARE\u2122 Tornado 23-inch Storm Umbrella features 190T pongee RPET and is a premium accessory designed for harsh weather. Its automatic open\/manual close and windproof system provide ease of use and reliability. With a metal shaft and fiberglass frame, the umbrella offers strength and durability. The straight ABS rubber finished handle is comfortable to grip and comes in a Swiss Peak FSC kraft gift box. AWARE\u2122 label confirms the genuine use of recycled materials. 2% of the proceeds from every Aware\u2122 product sold is donated to Water.org.<\/p>","protected":false},"excerpt":{"rendered":"<p>Swiss Peak AWARE\u2122 Tornado 23-tollisel tormivarjul on 190T pongee RPET ja see on esmaklassiline tarvik, mis on loodud karmi ilma jaoks. Selle automaatne avamine\/k\u00e4sitsi sulgemine ja tuulekindel s\u00fcsteem pakuvad kasutusmugavust ja t\u00f6\u00f6kindlust. Metallist varre ja klaaskiust raamiga vihmavari pakub tugevust ja vastupidavust. Sirge ABS-kummist viimistletud k\u00e4epidet on mugav haarata ja sellega on kaasas Swiss Peak [&hellip;]<\/p>\n","protected":false},"featured_media":34088,"template":"","meta":{"_acf_changed":false},"product_brand":[],"product_cat":[611],"product_tag":[],"class_list":{"0":"post-34058","1":"product","2":"type-product","3":"status-publish","4":"has-post-thumbnail","6":"product_cat-vihmavarjud","7":"pa_varv-must","9":"first","10":"instock","11":"taxable","12":"shipping-taxable","13":"purchasable","14":"product-type-variable","15":"has-default-attributes"},"acf":[],"_links":{"self":[{"href":"https:\/\/fifaa.ee\/en\/wp-json\/wp\/v2\/product\/34058","targetHints":{"allow":["GET"]}}],"collection":[{"href":"https:\/\/fifaa.ee\/en\/wp-json\/wp\/v2\/product"}],"about":[{"href":"https:\/\/fifaa.ee\/en\/wp-json\/wp\/v2\/types\/product"}],"wp:featuredmedia":[{"embeddable":true,"href":"https:\/\/fifaa.ee\/en\/wp-json\/wp\/v2\/media\/34088"}],"wp:attachment":[{"href":"https:\/\/fifaa.ee\/en\/wp-json\/wp\/v2\/media?parent=34058"}],"wp:term":[{"taxonomy":"product_brand","embeddable":true,"href":"https:\/\/fifaa.ee\/en\/wp-json\/wp\/v2\/product_brand?post=34058"},{"taxonomy":"product_cat","embeddable":true,"href":"https:\/\/fifaa.ee\/en\/wp-json\/wp\/v2\/product_cat?post=34058"},{"taxonomy":"product_tag","embeddable":true,"href":"https:\/\/fifaa.ee\/en\/wp-json\/wp\/v2\/product_tag?post=34058"}],"curies":[{"name":"wp","href":"https:\/\/api.w.org\/{rel}","templated":true}]}}