{"id":34060,"date":"2025-01-28T16:37:37","date_gmt":"2025-01-28T14:37:37","guid":{"rendered":"https:\/\/fifaa.ee\/?post_type=product&#038;p=34060"},"modified":"2026-04-01T18:29:31","modified_gmt":"2026-04-01T15:29:31","slug":"aware-27-tolline-orkaani-tormivari","status":"publish","type":"product","link":"https:\/\/fifaa.ee\/en\/product\/aware-27-tolline-orkaani-tormivari\/","title":{"rendered":"AWARE\u2122 27\u2032 Hurricane storm umbrella"},"content":{"rendered":"<p>The Hurricane umbrella is designed to withstand harsh weather conditions thanks to its 27-inch double-layer panel and water-resistant fabric. With its durable construction and practical features, the Hurricane umbrella is a reliable choice for anyone who needs a reliable umbrella for rainy and stormy weather. Manual opening and closing. The umbrella also has UPF50+ protection. Registered design\u00ae. AWARE\u2122 label, which confirms the genuine use of recycled materials. 2% of the proceeds from every Aware\u2122 product sold is donated to Water.org.<\/p>","protected":false},"excerpt":{"rendered":"<p>Hurricane vihmavari on loodud vastu pidama karmidele ilmastikutingimustele t\u00e4nu oma 27-tollisele kahekihilisele paneelile ja veekindlale kangale. Oma vastupidava konstruktsiooni ja praktiliste omadustega on Hurricane vihmavari usaldusv\u00e4\u00e4rne valik k\u00f5igile, kes vajavad vihmase ja tormise ilmaga t\u00f6\u00f6kindlat vihmavarju. K\u00e4sitsi avamine ja sulgemine. Lisaks on vihmavarjul UPF50+ kaitse. Registreeritud disain\u00ae. AWARE\u2122 m\u00e4rgistusega, mis kinnitab taaskasutatud materjalide ehtsat kasutamist. [&hellip;]<\/p>\n","protected":false},"featured_media":34092,"template":"","meta":{"_acf_changed":false},"product_brand":[],"product_cat":[611],"product_tag":[659],"class_list":{"0":"post-34060","1":"product","2":"type-product","3":"status-publish","4":"has-post-thumbnail","6":"product_cat-vihmavarjud","7":"product_tag-more-colors","8":"pa_varv-must","9":"pa_varv-sinine","11":"first","12":"instock","13":"taxable","14":"shipping-taxable","15":"purchasable","16":"product-type-variable","17":"has-default-attributes"},"acf":[],"_links":{"self":[{"href":"https:\/\/fifaa.ee\/en\/wp-json\/wp\/v2\/product\/34060","targetHints":{"allow":["GET"]}}],"collection":[{"href":"https:\/\/fifaa.ee\/en\/wp-json\/wp\/v2\/product"}],"about":[{"href":"https:\/\/fifaa.ee\/en\/wp-json\/wp\/v2\/types\/product"}],"wp:featuredmedia":[{"embeddable":true,"href":"https:\/\/fifaa.ee\/en\/wp-json\/wp\/v2\/media\/34092"}],"wp:attachment":[{"href":"https:\/\/fifaa.ee\/en\/wp-json\/wp\/v2\/media?parent=34060"}],"wp:term":[{"taxonomy":"product_brand","embeddable":true,"href":"https:\/\/fifaa.ee\/en\/wp-json\/wp\/v2\/product_brand?post=34060"},{"taxonomy":"product_cat","embeddable":true,"href":"https:\/\/fifaa.ee\/en\/wp-json\/wp\/v2\/product_cat?post=34060"},{"taxonomy":"product_tag","embeddable":true,"href":"https:\/\/fifaa.ee\/en\/wp-json\/wp\/v2\/product_tag?post=34060"}],"curies":[{"name":"wp","href":"https:\/\/api.w.org\/{rel}","templated":true}]}}