{"id":34096,"date":"2025-01-28T16:37:54","date_gmt":"2025-01-28T14:37:54","guid":{"rendered":"https:\/\/fifaa.ee\/?post_type=product&#038;p=34096"},"modified":"2026-04-01T18:30:01","modified_gmt":"2026-04-01T15:30:01","slug":"21-impact-aware-rpet-190t-pongee-kahevarviline-mini-vihmavari","status":"publish","type":"product","link":"https:\/\/fifaa.ee\/en\/product\/21-impact-aware-rpet-190t-pongee-kahevarviline-mini-vihmavari\/","title":{"rendered":"21\u2032 Impact AWARE\u2122 RPET 190T Pongee dual color mini umbrella"},"content":{"rendered":"<p>No greenwashing, just telling a true story of sustainability! This Impact umbrella is made from 190T RPET pongee with the AWARE\u2122 label. With AWARE\u2122, AWARE uses disruptive physical footprint and blockchain technology to ensure the use of genuine recycled fabric materials and water reduction claims. Save water and use genuine recycled fabrics. With a focus on water, 2% of the proceeds from every Impact product sold is donated to Water.org. This portable 3-section auto-opening mini umbrella is the perfect size to keep in your purse or car in case of inclement weather. Metal frame, fiberglass ribs with ABS handle. This umbrella umbrella has saved 4.6 liters of water and is made from 7.7 PET bottles (500 ml). Water savings are based on figures compared to conventional fibers. This calculated figure is based on reliable LCA data published by Textile Exchange in its 2016 Material Snapshots.<\/p>","protected":false},"excerpt":{"rendered":"<p>Ei mingit rohepesu, vaid r\u00e4\u00e4gib t\u00f5estis\u00fcndinud lugu j\u00e4tkusuutlikkusest! See Impact vihmavari on valmistatud 190T RPET-pongeest koos AWARE\u2122 m\u00e4rgistusega. AWARE\u2122 abil on AWARE h\u00e4iriva f\u00fc\u00fcsilise j\u00e4ljendi ja plokiahela tehnoloogia abil tagatud ehtsate ringlussev\u00f5etud kangamaterjalide kasutamine ja vee v\u00e4hendamise v\u00e4ited. S\u00e4\u00e4stke vett ja kasutage ehtsaid taaskasutatud kangaid. Keskendudes veele, annetatakse 2% iga m\u00fc\u00fcdud Impact toote tulust veebisaidile [&hellip;]<\/p>\n","protected":false},"featured_media":34109,"template":"","meta":{"_acf_changed":false},"product_brand":[],"product_cat":[611],"product_tag":[659],"class_list":{"0":"post-34096","1":"product","2":"type-product","3":"status-publish","4":"has-post-thumbnail","6":"product_cat-vihmavarjud","7":"product_tag-more-colors","8":"pa_varv-sinine","10":"first","11":"instock","12":"taxable","13":"shipping-taxable","14":"purchasable","15":"product-type-variable","16":"has-default-attributes"},"acf":[],"_links":{"self":[{"href":"https:\/\/fifaa.ee\/en\/wp-json\/wp\/v2\/product\/34096","targetHints":{"allow":["GET"]}}],"collection":[{"href":"https:\/\/fifaa.ee\/en\/wp-json\/wp\/v2\/product"}],"about":[{"href":"https:\/\/fifaa.ee\/en\/wp-json\/wp\/v2\/types\/product"}],"wp:featuredmedia":[{"embeddable":true,"href":"https:\/\/fifaa.ee\/en\/wp-json\/wp\/v2\/media\/34109"}],"wp:attachment":[{"href":"https:\/\/fifaa.ee\/en\/wp-json\/wp\/v2\/media?parent=34096"}],"wp:term":[{"taxonomy":"product_brand","embeddable":true,"href":"https:\/\/fifaa.ee\/en\/wp-json\/wp\/v2\/product_brand?post=34096"},{"taxonomy":"product_cat","embeddable":true,"href":"https:\/\/fifaa.ee\/en\/wp-json\/wp\/v2\/product_cat?post=34096"},{"taxonomy":"product_tag","embeddable":true,"href":"https:\/\/fifaa.ee\/en\/wp-json\/wp\/v2\/product_tag?post=34096"}],"curies":[{"name":"wp","href":"https:\/\/api.w.org\/{rel}","templated":true}]}}