{"id":34097,"date":"2025-01-28T16:37:54","date_gmt":"2025-01-28T14:37:54","guid":{"rendered":"https:\/\/fifaa.ee\/?post_type=product&#038;p=34097"},"modified":"2026-04-01T18:30:01","modified_gmt":"2026-04-01T15:30:01","slug":"205-tolline-impact-aware-rpet-190t-pongee-bambusest-mini-vihmavari","status":"publish","type":"product","link":"https:\/\/fifaa.ee\/en\/product\/205-tolline-impact-aware-rpet-190t-pongee-bambusest-mini-vihmavari\/","title":{"rendered":"20.5\u2032 Impact AWARE\u2122 RPET 190T Pongee bamboo mini umbrella"},"content":{"rendered":"<p>No greenwashing, just telling a true story of sustainability! This Impact umbrella is made from 190T RPET pongee with the AWARE\u2122 label. With AWARE\u2122, AWARE uses disruptive physical footprinting and blockchain technology to ensure the use of genuine recycled fabric materials and water reduction claims. Save water and use genuine recycled fabrics. With a focus on water, 2% of the proceeds from every Impact product sold is donated to Water.org. This portable three-piece manual open mini umbrella is the perfect size to keep in your purse or car in case of inclement weather. Metal frame, metal ribs with a beautiful bamboo handle. This umbrella canopy is made from 7.6 PET bottles (500ml). Water savings are based on numbers compared to conventional fibers. This calculated reading is based on reliable LCA data published by Textile Exchange in their 2016 Material Snapshots.<\/p>","protected":false},"excerpt":{"rendered":"<p>Ei mingit rohepesu, vaid r\u00e4\u00e4gib t\u00f5estis\u00fcndinud lugu j\u00e4tkusuutlikkusest! See Impact vihmavari on valmistatud 190T RPET-pongeest koos AWARE\u2122 m\u00e4rgistusega. AWARE\u2122 abil on AWARE h\u00e4iriva f\u00fc\u00fcsilise j\u00e4ljendi ja plokiahela tehnoloogia abil tagatud ehtsate ringlussev\u00f5etud kangamaterjalide kasutamine ja vee v\u00e4hendamise v\u00e4ited. S\u00e4\u00e4stke vett ja kasutage ehtsaid taaskasutatud kangaid. Keskendudes veele, annetatakse 2% iga m\u00fc\u00fcdud Impact toote tulust veebisaidile [&hellip;]<\/p>\n","protected":false},"featured_media":34113,"template":"","meta":{"_acf_changed":false},"product_brand":[],"product_cat":[612,611],"product_tag":[659],"class_list":{"0":"post-34097","1":"product","2":"type-product","3":"status-publish","4":"has-post-thumbnail","6":"product_cat-kokkupandavad-vihmavarjud","7":"product_cat-vihmavarjud","8":"product_tag-more-colors","9":"pa_varv-hall","10":"pa_varv-must","11":"pa_varv-roheline","12":"pa_varv-sinine","13":"pa_varv-valge-new","15":"first","16":"instock","17":"taxable","18":"shipping-taxable","19":"purchasable","20":"product-type-variable","21":"has-default-attributes"},"acf":[],"_links":{"self":[{"href":"https:\/\/fifaa.ee\/en\/wp-json\/wp\/v2\/product\/34097","targetHints":{"allow":["GET"]}}],"collection":[{"href":"https:\/\/fifaa.ee\/en\/wp-json\/wp\/v2\/product"}],"about":[{"href":"https:\/\/fifaa.ee\/en\/wp-json\/wp\/v2\/types\/product"}],"wp:featuredmedia":[{"embeddable":true,"href":"https:\/\/fifaa.ee\/en\/wp-json\/wp\/v2\/media\/34113"}],"wp:attachment":[{"href":"https:\/\/fifaa.ee\/en\/wp-json\/wp\/v2\/media?parent=34097"}],"wp:term":[{"taxonomy":"product_brand","embeddable":true,"href":"https:\/\/fifaa.ee\/en\/wp-json\/wp\/v2\/product_brand?post=34097"},{"taxonomy":"product_cat","embeddable":true,"href":"https:\/\/fifaa.ee\/en\/wp-json\/wp\/v2\/product_cat?post=34097"},{"taxonomy":"product_tag","embeddable":true,"href":"https:\/\/fifaa.ee\/en\/wp-json\/wp\/v2\/product_tag?post=34097"}],"curies":[{"name":"wp","href":"https:\/\/api.w.org\/{rel}","templated":true}]}}