{"id":34186,"date":"2025-01-28T16:38:42","date_gmt":"2025-01-28T14:38:42","guid":{"rendered":"https:\/\/fifaa.ee\/?post_type=product&#038;p=34186"},"modified":"2026-04-01T18:32:21","modified_gmt":"2026-04-01T15:32:21","slug":"27-impact-aware-rpet-190t-automaatselt-avatav-bambusest-vihmavari","status":"publish","type":"product","link":"https:\/\/fifaa.ee\/en\/product\/27-impact-aware-rpet-190t-automaatselt-avatav-bambusest-vihmavari\/","title":{"rendered":"27\u2032 Impact AWARE\u2122 RPET 190T auto open bamboo umbrella"},"content":{"rendered":"<p>No greenwashing, just telling a true story of sustainability! This Impact umbrella is made from 190T RPET pongee with the AWARE\u2122 label. With AWARE\u2122, AWARE uses disruptive physical footprinting and blockchain technology to ensure the use of genuine recycled fabric materials and water reduction claims. Save water and use genuine recycled fabrics. With a focus on water, 2% of the proceeds from every Impact product sold is donated to Water.org. This large 27-inch auto-opening umbrella will keep you safe from the rain, no matter where you are. Metal frame, fiberglass ribs and a stylish bamboo handle. This umbrella canopy is made from 10.7 PET bottles (500 ml). Water savings are based on numbers compared to conventional fibers. This calculated reading is based on reliable LCA data published by Textile Exchange in its 2016 Material Snapshots.<\/p>","protected":false},"excerpt":{"rendered":"<p>Ei mingit rohepesu, vaid r\u00e4\u00e4gib t\u00f5estis\u00fcndinud lugu j\u00e4tkusuutlikkusest! See Impact vihmavari on valmistatud 190T RPET-pongeest koos AWARE\u2122 m\u00e4rgistusega. AWARE\u2122 abil on AWARE h\u00e4iriva f\u00fc\u00fcsilise j\u00e4ljendi ja plokiahela tehnoloogia abil tagatud ehtsate ringlussev\u00f5etud kangamaterjalide kasutamine ja vee v\u00e4hendamise v\u00e4ited. S\u00e4\u00e4stke vett ja kasutage ehtsaid taaskasutatud kangaid. Keskendudes veele, annetatakse 2% iga m\u00fc\u00fcdud Impact toote tulust veebisaidile [&hellip;]<\/p>\n","protected":false},"featured_media":34203,"template":"","meta":{"_acf_changed":false},"product_brand":[],"product_cat":[611],"product_tag":[659],"class_list":{"0":"post-34186","1":"product","2":"type-product","3":"status-publish","4":"has-post-thumbnail","6":"product_cat-vihmavarjud","7":"product_tag-more-colors","8":"pa_varv-must","9":"pa_varv-roheline","10":"pa_varv-sinine","11":"pa_varv-valge-new","13":"first","14":"instock","15":"taxable","16":"shipping-taxable","17":"purchasable","18":"product-type-variable","19":"has-default-attributes"},"acf":[],"_links":{"self":[{"href":"https:\/\/fifaa.ee\/en\/wp-json\/wp\/v2\/product\/34186","targetHints":{"allow":["GET"]}}],"collection":[{"href":"https:\/\/fifaa.ee\/en\/wp-json\/wp\/v2\/product"}],"about":[{"href":"https:\/\/fifaa.ee\/en\/wp-json\/wp\/v2\/types\/product"}],"wp:featuredmedia":[{"embeddable":true,"href":"https:\/\/fifaa.ee\/en\/wp-json\/wp\/v2\/media\/34203"}],"wp:attachment":[{"href":"https:\/\/fifaa.ee\/en\/wp-json\/wp\/v2\/media?parent=34186"}],"wp:term":[{"taxonomy":"product_brand","embeddable":true,"href":"https:\/\/fifaa.ee\/en\/wp-json\/wp\/v2\/product_brand?post=34186"},{"taxonomy":"product_cat","embeddable":true,"href":"https:\/\/fifaa.ee\/en\/wp-json\/wp\/v2\/product_cat?post=34186"},{"taxonomy":"product_tag","embeddable":true,"href":"https:\/\/fifaa.ee\/en\/wp-json\/wp\/v2\/product_tag?post=34186"}],"curies":[{"name":"wp","href":"https:\/\/api.w.org\/{rel}","templated":true}]}}